{"id":2021,"date":"2022-08-24T22:58:18","date_gmt":"2022-08-24T22:58:18","guid":{"rendered":"https:\/\/dekodenttrabzon.com\/ekibimiz\/"},"modified":"2023-10-09T14:24:37","modified_gmt":"2023-10-09T14:24:37","slug":"our-team","status":"publish","type":"page","link":"https:\/\/dekodenttrabzon.com\/en\/our-team\/","title":{"rendered":"Our Team"},"content":{"rendered":"\t\t<div data-elementor-type=\"wp-page\" data-elementor-id=\"2021\" class=\"elementor elementor-2021 elementor-620\" data-elementor-post-type=\"page\">\n\t\t\t\t\t\t\t\t\t<section class=\"elementor-section elementor-top-section elementor-element elementor-element-5f9deabe elementor-section-boxed elementor-section-height-default elementor-section-height-default\" data-id=\"5f9deabe\" data-element_type=\"section\" data-settings=\"{&quot;background_background&quot;:&quot;gradient&quot;}\">\n\t\t\t\t\t\t\t<div class=\"elementor-background-overlay\"><\/div>\n\t\t\t\t\t\t\t<div class=\"elementor-container elementor-column-gap-default\">\n\t\t\t\t\t<div class=\"elementor-column elementor-col-100 elementor-top-column elementor-element elementor-element-5f59fe99\" data-id=\"5f59fe99\" data-element_type=\"column\">\n\t\t\t<div class=\"elementor-widget-wrap elementor-element-populated\">\n\t\t\t\t\t\t\t\t<div class=\"elementor-element elementor-element-4f18fda2 elementor-invisible elementor-widget elementor-widget-heading\" data-id=\"4f18fda2\" data-element_type=\"widget\" data-settings=\"{&quot;_animation&quot;:&quot;fadeInDown&quot;,&quot;_animation_delay&quot;:100}\" data-widget_type=\"heading.default\">\n\t\t\t\t<div class=\"elementor-widget-container\">\n\t\t\t<style>\/*! elementor - v3.17.0 - 01-11-2023 *\/\n.elementor-heading-title{padding:0;margin:0;line-height:1}.elementor-widget-heading .elementor-heading-title[class*=elementor-size-]>a{color:inherit;font-size:inherit;line-height:inherit}.elementor-widget-heading .elementor-heading-title.elementor-size-small{font-size:15px}.elementor-widget-heading .elementor-heading-title.elementor-size-medium{font-size:19px}.elementor-widget-heading .elementor-heading-title.elementor-size-large{font-size:29px}.elementor-widget-heading .elementor-heading-title.elementor-size-xl{font-size:39px}.elementor-widget-heading .elementor-heading-title.elementor-size-xxl{font-size:59px}<\/style><div class=\"elementor-heading-title elementor-size-default\">Expert in the Field\n<\/div>\t\t<\/div>\n\t\t\t\t<\/div>\n\t\t\t\t<div class=\"elementor-element elementor-element-283d5ce4 elementor-invisible elementor-widget elementor-widget-heading\" data-id=\"283d5ce4\" data-element_type=\"widget\" data-settings=\"{&quot;_animation&quot;:&quot;fadeInDown&quot;,&quot;_animation_delay&quot;:300}\" data-widget_type=\"heading.default\">\n\t\t\t\t<div class=\"elementor-widget-container\">\n\t\t\t<h1 class=\"elementor-heading-title elementor-size-default\">Our Team<\/h1>\t\t<\/div>\n\t\t\t\t<\/div>\n\t\t\t\t<div class=\"elementor-element elementor-element-7a58f80c elementor-widget elementor-widget-spacer\" data-id=\"7a58f80c\" data-element_type=\"widget\" data-widget_type=\"spacer.default\">\n\t\t\t\t<div class=\"elementor-widget-container\">\n\t\t\t<style>\/*! elementor - v3.17.0 - 01-11-2023 *\/\n.elementor-column .elementor-spacer-inner{height:var(--spacer-size)}.e-con{--container-widget-width:100%}.e-con-inner>.elementor-widget-spacer,.e-con>.elementor-widget-spacer{width:var(--container-widget-width,var(--spacer-size));--align-self:var(--container-widget-align-self,initial);--flex-shrink:0}.e-con-inner>.elementor-widget-spacer>.elementor-widget-container,.e-con>.elementor-widget-spacer>.elementor-widget-container{height:100%;width:100%}.e-con-inner>.elementor-widget-spacer>.elementor-widget-container>.elementor-spacer,.e-con>.elementor-widget-spacer>.elementor-widget-container>.elementor-spacer{height:100%}.e-con-inner>.elementor-widget-spacer>.elementor-widget-container>.elementor-spacer>.elementor-spacer-inner,.e-con>.elementor-widget-spacer>.elementor-widget-container>.elementor-spacer>.elementor-spacer-inner{height:var(--container-widget-height,var(--spacer-size))}.e-con-inner>.elementor-widget-spacer.elementor-widget-empty,.e-con>.elementor-widget-spacer.elementor-widget-empty{position:relative;min-height:22px;min-width:22px}.e-con-inner>.elementor-widget-spacer.elementor-widget-empty .elementor-widget-empty-icon,.e-con>.elementor-widget-spacer.elementor-widget-empty .elementor-widget-empty-icon{position:absolute;top:0;bottom:0;left:0;right:0;margin:auto;padding:0;width:22px;height:22px}<\/style>\t\t<div class=\"elementor-spacer\">\n\t\t\t<div class=\"elementor-spacer-inner\"><\/div>\n\t\t<\/div>\n\t\t\t\t<\/div>\n\t\t\t\t<\/div>\n\t\t\t\t<section class=\"elementor-section elementor-inner-section elementor-element elementor-element-78f2379b elementor-section-boxed elementor-section-height-default elementor-section-height-default\" data-id=\"78f2379b\" data-element_type=\"section\">\n\t\t\t\t\t\t<div class=\"elementor-container elementor-column-gap-default\">\n\t\t\t\t\t<div class=\"elementor-column elementor-col-25 elementor-inner-column elementor-element elementor-element-400390b5 elementor-invisible\" data-id=\"400390b5\" data-element_type=\"column\" data-settings=\"{&quot;animation&quot;:&quot;fadeInDown&quot;,&quot;animation_delay&quot;:900}\">\n\t\t\t<div class=\"elementor-widget-wrap elementor-element-populated\">\n\t\t\t\t\t\t\t\t<div class=\"elementor-element elementor-element-bfd8934 elementor-widget elementor-widget-namedical_basic_team\" data-id=\"bfd8934\" data-element_type=\"widget\" data-settings=\"{&quot;team_image&quot;:{&quot;url&quot;:&quot;https:\\\/\\\/dekodenttrabzon.com\\\/wp-content\\\/uploads\\\/2023\\\/06\\\/Doc-Dr-Melih-Ates-2-1.jpg&quot;,&quot;id&quot;:1778,&quot;size&quot;:&quot;&quot;,&quot;alt&quot;:&quot;Do\\u00e7. Dr Melih Ate\\u015f&quot;,&quot;source&quot;:&quot;library&quot;},&quot;_animation&quot;:&quot;none&quot;}\" data-widget_type=\"namedical_basic_team.default\">\n\t\t\t\t<div class=\"elementor-widget-container\">\n\t\t\t\t\t<div class=\"namep-team\">\r\n\t\t\t\t\t<div class=\"namep-mate-item\">\r\n\t\t\t\t\t\t\t\t\t<div class=\"namep-image\">\r\n\t\t\t\t\t\t\t\t\t\t\t\t\t<a href=\"https:\/\/dekodenttrabzon.com\/en\/our-team\/assoc-prof-dr-melih-ates\/\"  ><img decoding=\"async\" src=\"https:\/\/dekodenttrabzon.com\/wp-content\/uploads\/2023\/06\/Doc-Dr-Melih-Ates-2-1.jpg\" alt=\"Assoc. Prof. Dr. Melih ATE\u015e\"><\/a>\r\n\t\t\t\t\t\t\t\t\t\t\t<\/div>\r\n\t\t\t\t\t      <div class=\"namep-mate-info\">\r\n\t        <h4 class=\"namep-mate-name\"><a href=\"https:\/\/dekodenttrabzon.com\/en\/our-team\/assoc-prof-dr-melih-ates\/\"  >Assoc. Prof. Dr. Melih ATE\u015e<\/a><\/h4><p>Dental Prosthesis Specialist<\/p>\t        <div class=\"namep-social\">\r\n            <ul>\r\n            \t            <\/ul>\r\n          <\/div>\r\n\t      <\/div>\r\n\t    <\/div>   \r\n\t      <\/div>   \r\n\t\t\t\t<\/div>\n\t\t\t\t<\/div>\n\t\t\t\t\t<\/div>\n\t\t<\/div>\n\t\t\t\t<div class=\"elementor-column elementor-col-25 elementor-inner-column elementor-element elementor-element-7471fcd2 elementor-invisible\" data-id=\"7471fcd2\" data-element_type=\"column\" data-settings=\"{&quot;animation&quot;:&quot;fadeInDown&quot;,&quot;animation_delay&quot;:900}\">\n\t\t\t<div class=\"elementor-widget-wrap elementor-element-populated\">\n\t\t\t\t\t\t\t\t<div class=\"elementor-element elementor-element-2da9fd8b elementor-widget elementor-widget-namedical_basic_team\" data-id=\"2da9fd8b\" data-element_type=\"widget\" data-settings=\"{&quot;team_image&quot;:{&quot;url&quot;:&quot;https:\\\/\\\/dekodenttrabzon.com\\\/wp-content\\\/uploads\\\/2023\\\/06\\\/Dr.Dt_.-Hasan-ALP-scaled-1-1.jpg&quot;,&quot;id&quot;:1777,&quot;size&quot;:&quot;&quot;,&quot;alt&quot;:&quot;Dr.Dt Hasan Alp&quot;,&quot;source&quot;:&quot;library&quot;}}\" data-widget_type=\"namedical_basic_team.default\">\n\t\t\t\t<div class=\"elementor-widget-container\">\n\t\t\t\t\t<div class=\"namep-team\">\r\n\t\t\t\t\t<div class=\"namep-mate-item\">\r\n\t\t\t\t\t\t\t\t\t<div class=\"namep-image\">\r\n\t\t\t\t\t\t\t\t\t\t\t\t\t<a href=\"https:\/\/dekodenttrabzon.com\/en\/our-team\/dr-dt-hasan-alp-2\/\"  ><img decoding=\"async\" src=\"https:\/\/dekodenttrabzon.com\/wp-content\/uploads\/2023\/06\/Dr.Dt_.-Hasan-ALP-scaled-1-1.jpg\" alt=\"Dr. Dt. Hasan ALP\"><\/a>\r\n\t\t\t\t\t\t\t\t\t\t\t<\/div>\r\n\t\t\t\t\t      <div class=\"namep-mate-info\">\r\n\t        <h4 class=\"namep-mate-name\"><a href=\"https:\/\/dekodenttrabzon.com\/en\/our-team\/dr-dt-hasan-alp-2\/\"  >Dr. Dt. Hasan ALP<\/a><\/h4><p>Maxillofacial Surgery Specialist<\/p>\t        <div class=\"namep-social\">\r\n            <ul>\r\n            \t            <\/ul>\r\n          <\/div>\r\n\t      <\/div>\r\n\t    <\/div>   \r\n\t      <\/div>   \r\n\t\t\t\t<\/div>\n\t\t\t\t<\/div>\n\t\t\t\t\t<\/div>\n\t\t<\/div>\n\t\t\t\t<div class=\"elementor-column elementor-col-25 elementor-inner-column elementor-element elementor-element-4968283 elementor-invisible\" data-id=\"4968283\" data-element_type=\"column\" data-settings=\"{&quot;animation&quot;:&quot;fadeInDown&quot;,&quot;animation_delay&quot;:900}\">\n\t\t\t<div class=\"elementor-widget-wrap elementor-element-populated\">\n\t\t\t\t\t\t\t\t<div class=\"elementor-element elementor-element-bd6d1ca elementor-widget elementor-widget-namedical_basic_team\" data-id=\"bd6d1ca\" data-element_type=\"widget\" data-settings=\"{&quot;team_image&quot;:{&quot;url&quot;:&quot;https:\\\/\\\/dekodenttrabzon.com\\\/wp-content\\\/uploads\\\/2023\\\/06\\\/uzm-dt-belgin-alp.jpg&quot;,&quot;id&quot;:1780,&quot;size&quot;:&quot;&quot;,&quot;alt&quot;:&quot;Uzm. Dt. Belgin Alp&quot;,&quot;source&quot;:&quot;library&quot;}}\" data-widget_type=\"namedical_basic_team.default\">\n\t\t\t\t<div class=\"elementor-widget-container\">\n\t\t\t\t\t<div class=\"namep-team\">\r\n\t\t\t\t\t<div class=\"namep-mate-item\">\r\n\t\t\t\t\t\t\t\t\t<div class=\"namep-image\">\r\n\t\t\t\t\t\t\t\t\t\t\t\t\t<a href=\"https:\/\/dekodenttrabzon.com\/en\/our-team\/uzm-dt-belgin-yazici-alp\/\"  ><img decoding=\"async\" src=\"https:\/\/dekodenttrabzon.com\/wp-content\/uploads\/2023\/06\/uzm-dt-belgin-alp.jpg\" alt=\"Exp. Dt. Belgin ALP\"><\/a>\r\n\t\t\t\t\t\t\t\t\t\t\t<\/div>\r\n\t\t\t\t\t      <div class=\"namep-mate-info\">\r\n\t        <h4 class=\"namep-mate-name\"><a href=\"https:\/\/dekodenttrabzon.com\/en\/our-team\/uzm-dt-belgin-yazici-alp\/\"  >Exp. Dt. Belgin ALP<\/a><\/h4><p>Pediatric Dentist Specialist<\/p>\t        <div class=\"namep-social\">\r\n            <ul>\r\n            \t            <\/ul>\r\n          <\/div>\r\n\t      <\/div>\r\n\t    <\/div>   \r\n\t      <\/div>   \r\n\t\t\t\t<\/div>\n\t\t\t\t<\/div>\n\t\t\t\t\t<\/div>\n\t\t<\/div>\n\t\t\t\t<div class=\"elementor-column elementor-col-25 elementor-inner-column elementor-element elementor-element-1a4c2d39 elementor-invisible\" data-id=\"1a4c2d39\" data-element_type=\"column\" data-settings=\"{&quot;animation&quot;:&quot;fadeInDown&quot;,&quot;animation_delay&quot;:900}\">\n\t\t\t<div class=\"elementor-widget-wrap\">\n\t\t\t\t\t\t\t\t\t<\/div>\n\t\t<\/div>\n\t\t\t\t\t\t\t<\/div>\n\t\t<\/section>\n\t\t\t\t<div class=\"elementor-element elementor-element-3453cf7 elementor-arrows-position-inside elementor-pagination-position-outside elementor-invisible elementor-widget elementor-widget-image-carousel\" data-id=\"3453cf7\" data-element_type=\"widget\" data-settings=\"{&quot;slides_to_show&quot;:&quot;2&quot;,&quot;_animation&quot;:&quot;fadeInDown&quot;,&quot;_animation_delay&quot;:2000,&quot;navigation&quot;:&quot;both&quot;,&quot;autoplay&quot;:&quot;yes&quot;,&quot;pause_on_hover&quot;:&quot;yes&quot;,&quot;pause_on_interaction&quot;:&quot;yes&quot;,&quot;autoplay_speed&quot;:5000,&quot;infinite&quot;:&quot;yes&quot;,&quot;speed&quot;:500}\" data-widget_type=\"image-carousel.default\">\n\t\t\t\t<div class=\"elementor-widget-container\">\n\t\t\t<style>\/*! elementor - v3.17.0 - 01-11-2023 *\/\n.elementor-widget-image-carousel .swiper,.elementor-widget-image-carousel .swiper-container{position:static}.elementor-widget-image-carousel .swiper-container .swiper-slide figure,.elementor-widget-image-carousel .swiper .swiper-slide figure{line-height:inherit}.elementor-widget-image-carousel .swiper-slide{text-align:center}.elementor-image-carousel-wrapper:not(.swiper-container-initialized):not(.swiper-initialized) .swiper-slide{max-width:calc(100% \/ var(--e-image-carousel-slides-to-show, 3))}<\/style>\t\t<div class=\"elementor-image-carousel-wrapper swiper-container\" dir=\"ltr\">\n\t\t\t<div class=\"elementor-image-carousel swiper-wrapper\" aria-live=\"off\">\n\t\t\t\t\t\t\t\t<div class=\"swiper-slide\" role=\"group\" aria-roledescription=\"slide\" aria-label=\"1 of 2\"><figure class=\"swiper-slide-inner\"><img decoding=\"async\" class=\"swiper-slide-image\" src=\"https:\/\/dekodenttrabzon.com\/wp-content\/uploads\/2022\/08\/dekodent-klinik2-1-768x512.jpg\" alt=\"Dekodent \u00c7ocuk Klini\u011fi\" \/><\/figure><\/div><div class=\"swiper-slide\" role=\"group\" aria-roledescription=\"slide\" aria-label=\"2 of 2\"><figure class=\"swiper-slide-inner\"><img decoding=\"async\" class=\"swiper-slide-image\" src=\"https:\/\/dekodenttrabzon.com\/wp-content\/uploads\/2023\/04\/dekodent-dis-klinigi-e1682434251251.jpg\" alt=\"Dekodent Di\u015f Klini\u011fi\" \/><\/figure><\/div>\t\t\t<\/div>\n\t\t\t\t\t\t\t\t\t\t\t\t<div class=\"elementor-swiper-button elementor-swiper-button-prev\" role=\"button\" tabindex=\"0\">\n\t\t\t\t\t\t<i aria-hidden=\"true\" class=\"eicon-chevron-left\"><\/i>\t\t\t\t\t<\/div>\n\t\t\t\t\t<div class=\"elementor-swiper-button elementor-swiper-button-next\" role=\"button\" tabindex=\"0\">\n\t\t\t\t\t\t<i aria-hidden=\"true\" class=\"eicon-chevron-right\"><\/i>\t\t\t\t\t<\/div>\n\t\t\t\t\n\t\t\t\t\t\t\t\t\t<div class=\"swiper-pagination\"><\/div>\n\t\t\t\t\t\t\t\t\t<\/div>\n\t\t\t\t<\/div>\n\t\t\t\t<\/div>\n\t\t\t\t\t<\/div>\n\t\t<\/div>\n\t\t\t\t\t\t\t<\/div>\n\t\t<\/section>\n\t\t\t\t\t\t\t<\/div>\n\t\t","protected":false},"excerpt":{"rendered":"<p>Expert in the Field Our Team Assoc. Prof. Dr. Melih ATE\u015e Dental Prosthesis Specialist Dr. Dt. Hasan ALP Maxillofacial Surgery Specialist Exp. Dt. Belgin ALP Pediatric Dentist Specialist<\/p>\n","protected":false},"author":1,"featured_media":0,"parent":0,"menu_order":3,"comment_status":"closed","ping_status":"closed","template":"elementor_header_footer","meta":{"footnotes":""},"class_list":["post-2021","page","type-page","status-publish","hentry"],"yoast_head":"<!-- This site is optimized with the Yoast SEO plugin v21.5 - https:\/\/yoast.com\/wordpress\/plugins\/seo\/ -->\n<title>Our Team - Dekodent<\/title>\n<meta name=\"description\" content=\"Dekodent Oral and Dental Health is at your service professionally with its expert doctors. Click now to get to know our doctors!\" \/>\n<meta name=\"robots\" content=\"index, follow, max-snippet:-1, max-image-preview:large, max-video-preview:-1\" \/>\n<link rel=\"canonical\" href=\"https:\/\/dekodenttrabzon.com\/en\/our-team\/\" \/>\n<meta property=\"og:locale\" content=\"en_US\" \/>\n<meta property=\"og:type\" content=\"article\" \/>\n<meta property=\"og:title\" content=\"Our Team - Dekodent\" \/>\n<meta property=\"og:description\" content=\"Dekodent Oral and Dental Health is at your service professionally with its expert doctors. Click now to get to know our doctors!\" \/>\n<meta property=\"og:url\" content=\"https:\/\/dekodenttrabzon.com\/en\/our-team\/\" \/>\n<meta property=\"og:site_name\" content=\"Dekodent\" \/>\n<meta property=\"article:modified_time\" content=\"2023-10-09T14:24:37+00:00\" \/>\n<meta property=\"og:image\" content=\"https:\/\/dekodenttrabzon.com\/wp-content\/uploads\/2023\/06\/Doc-Dr-Melih-Ates-2-1.jpg\" \/>\n<meta name=\"twitter:card\" content=\"summary_large_image\" \/>\n<meta name=\"twitter:label1\" content=\"Est. reading time\" \/>\n\t<meta name=\"twitter:data1\" content=\"2 minutes\" \/>\n<script type=\"application\/ld+json\" class=\"yoast-schema-graph\">{\"@context\":\"https:\/\/schema.org\",\"@graph\":[{\"@type\":\"WebPage\",\"@id\":\"https:\/\/dekodenttrabzon.com\/en\/our-team\/\",\"url\":\"https:\/\/dekodenttrabzon.com\/en\/our-team\/\",\"name\":\"Our Team - Dekodent\",\"isPartOf\":{\"@id\":\"https:\/\/dekodenttrabzon.com\/#website\"},\"datePublished\":\"2022-08-24T22:58:18+00:00\",\"dateModified\":\"2023-10-09T14:24:37+00:00\",\"description\":\"Dekodent Oral and Dental Health is at your service professionally with its expert doctors. Click now to get to know our doctors!\",\"breadcrumb\":{\"@id\":\"https:\/\/dekodenttrabzon.com\/en\/our-team\/#breadcrumb\"},\"inLanguage\":\"en-US\",\"potentialAction\":[{\"@type\":\"ReadAction\",\"target\":[\"https:\/\/dekodenttrabzon.com\/en\/our-team\/\"]}]},{\"@type\":\"BreadcrumbList\",\"@id\":\"https:\/\/dekodenttrabzon.com\/en\/our-team\/#breadcrumb\",\"itemListElement\":[{\"@type\":\"ListItem\",\"position\":1,\"name\":\"Home\",\"item\":\"https:\/\/dekodenttrabzon.com\/en\/\"},{\"@type\":\"ListItem\",\"position\":2,\"name\":\"Our Team\"}]},{\"@type\":\"WebSite\",\"@id\":\"https:\/\/dekodenttrabzon.com\/#website\",\"url\":\"https:\/\/dekodenttrabzon.com\/\",\"name\":\"Dekodent\",\"description\":\"Dekodent Trabzon A\u011f\u0131z ve Di\u015f Sa\u011fl\u0131\u011f\u0131 Merkezi\",\"publisher\":{\"@id\":\"https:\/\/dekodenttrabzon.com\/#organization\"},\"potentialAction\":[{\"@type\":\"SearchAction\",\"target\":{\"@type\":\"EntryPoint\",\"urlTemplate\":\"https:\/\/dekodenttrabzon.com\/?s={search_term_string}\"},\"query-input\":\"required name=search_term_string\"}],\"inLanguage\":\"en-US\"},{\"@type\":\"Organization\",\"@id\":\"https:\/\/dekodenttrabzon.com\/#organization\",\"name\":\"Dekodent\",\"url\":\"https:\/\/dekodenttrabzon.com\/\",\"logo\":{\"@type\":\"ImageObject\",\"inLanguage\":\"en-US\",\"@id\":\"https:\/\/dekodenttrabzon.com\/#\/schema\/logo\/image\/\",\"url\":\"https:\/\/dekodenttrabzon.com\/wp-content\/uploads\/2022\/08\/cropped-Dekodent-e1661268809677-1.jpeg\",\"contentUrl\":\"https:\/\/dekodenttrabzon.com\/wp-content\/uploads\/2022\/08\/cropped-Dekodent-e1661268809677-1.jpeg\",\"width\":386,\"height\":195,\"caption\":\"Dekodent\"},\"image\":{\"@id\":\"https:\/\/dekodenttrabzon.com\/#\/schema\/logo\/image\/\"}}]}<\/script>\n<!-- \/ Yoast SEO plugin. -->","yoast_head_json":{"title":"Our Team - Dekodent","description":"Dekodent Oral and Dental Health is at your service professionally with its expert doctors. Click now to get to know our doctors!","robots":{"index":"index","follow":"follow","max-snippet":"max-snippet:-1","max-image-preview":"max-image-preview:large","max-video-preview":"max-video-preview:-1"},"canonical":"https:\/\/dekodenttrabzon.com\/en\/our-team\/","og_locale":"en_US","og_type":"article","og_title":"Our Team - Dekodent","og_description":"Dekodent Oral and Dental Health is at your service professionally with its expert doctors. Click now to get to know our doctors!","og_url":"https:\/\/dekodenttrabzon.com\/en\/our-team\/","og_site_name":"Dekodent","article_modified_time":"2023-10-09T14:24:37+00:00","og_image":[{"url":"https:\/\/dekodenttrabzon.com\/wp-content\/uploads\/2023\/06\/Doc-Dr-Melih-Ates-2-1.jpg"}],"twitter_card":"summary_large_image","twitter_misc":{"Est. reading time":"2 minutes"},"schema":{"@context":"https:\/\/schema.org","@graph":[{"@type":"WebPage","@id":"https:\/\/dekodenttrabzon.com\/en\/our-team\/","url":"https:\/\/dekodenttrabzon.com\/en\/our-team\/","name":"Our Team - Dekodent","isPartOf":{"@id":"https:\/\/dekodenttrabzon.com\/#website"},"datePublished":"2022-08-24T22:58:18+00:00","dateModified":"2023-10-09T14:24:37+00:00","description":"Dekodent Oral and Dental Health is at your service professionally with its expert doctors. Click now to get to know our doctors!","breadcrumb":{"@id":"https:\/\/dekodenttrabzon.com\/en\/our-team\/#breadcrumb"},"inLanguage":"en-US","potentialAction":[{"@type":"ReadAction","target":["https:\/\/dekodenttrabzon.com\/en\/our-team\/"]}]},{"@type":"BreadcrumbList","@id":"https:\/\/dekodenttrabzon.com\/en\/our-team\/#breadcrumb","itemListElement":[{"@type":"ListItem","position":1,"name":"Home","item":"https:\/\/dekodenttrabzon.com\/en\/"},{"@type":"ListItem","position":2,"name":"Our Team"}]},{"@type":"WebSite","@id":"https:\/\/dekodenttrabzon.com\/#website","url":"https:\/\/dekodenttrabzon.com\/","name":"Dekodent","description":"Dekodent Trabzon A\u011f\u0131z ve Di\u015f Sa\u011fl\u0131\u011f\u0131 Merkezi","publisher":{"@id":"https:\/\/dekodenttrabzon.com\/#organization"},"potentialAction":[{"@type":"SearchAction","target":{"@type":"EntryPoint","urlTemplate":"https:\/\/dekodenttrabzon.com\/?s={search_term_string}"},"query-input":"required name=search_term_string"}],"inLanguage":"en-US"},{"@type":"Organization","@id":"https:\/\/dekodenttrabzon.com\/#organization","name":"Dekodent","url":"https:\/\/dekodenttrabzon.com\/","logo":{"@type":"ImageObject","inLanguage":"en-US","@id":"https:\/\/dekodenttrabzon.com\/#\/schema\/logo\/image\/","url":"https:\/\/dekodenttrabzon.com\/wp-content\/uploads\/2022\/08\/cropped-Dekodent-e1661268809677-1.jpeg","contentUrl":"https:\/\/dekodenttrabzon.com\/wp-content\/uploads\/2022\/08\/cropped-Dekodent-e1661268809677-1.jpeg","width":386,"height":195,"caption":"Dekodent"},"image":{"@id":"https:\/\/dekodenttrabzon.com\/#\/schema\/logo\/image\/"}}]}},"_links":{"self":[{"href":"https:\/\/dekodenttrabzon.com\/en\/wp-json\/wp\/v2\/pages\/2021","targetHints":{"allow":["GET"]}}],"collection":[{"href":"https:\/\/dekodenttrabzon.com\/en\/wp-json\/wp\/v2\/pages"}],"about":[{"href":"https:\/\/dekodenttrabzon.com\/en\/wp-json\/wp\/v2\/types\/page"}],"author":[{"embeddable":true,"href":"https:\/\/dekodenttrabzon.com\/en\/wp-json\/wp\/v2\/users\/1"}],"replies":[{"embeddable":true,"href":"https:\/\/dekodenttrabzon.com\/en\/wp-json\/wp\/v2\/comments?post=2021"}],"version-history":[{"count":41,"href":"https:\/\/dekodenttrabzon.com\/en\/wp-json\/wp\/v2\/pages\/2021\/revisions"}],"predecessor-version":[{"id":2425,"href":"https:\/\/dekodenttrabzon.com\/en\/wp-json\/wp\/v2\/pages\/2021\/revisions\/2425"}],"wp:attachment":[{"href":"https:\/\/dekodenttrabzon.com\/en\/wp-json\/wp\/v2\/media?parent=2021"}],"curies":[{"name":"wp","href":"https:\/\/api.w.org\/{rel}","templated":true}]}}