{"id":2023,"date":"2022-08-25T00:24:42","date_gmt":"2022-08-25T00:24:42","guid":{"rendered":"https:\/\/dekodenttrabzon.com\/iletisim\/"},"modified":"2023-10-26T12:10:49","modified_gmt":"2023-10-26T12:10:49","slug":"contact","status":"publish","type":"page","link":"https:\/\/dekodenttrabzon.com\/en\/contact\/","title":{"rendered":"Contact"},"content":{"rendered":"\t\t<div data-elementor-type=\"wp-page\" data-elementor-id=\"2023\" class=\"elementor elementor-2023 elementor-618\" data-elementor-post-type=\"page\">\n\t\t\t\t\t\t\t\t\t<section class=\"elementor-section elementor-top-section elementor-element elementor-element-2e4fe27a elementor-section-boxed elementor-section-height-default elementor-section-height-default\" data-id=\"2e4fe27a\" data-element_type=\"section\">\n\t\t\t\t\t\t<div class=\"elementor-container elementor-column-gap-default\">\n\t\t\t\t\t<div class=\"elementor-column elementor-col-100 elementor-top-column elementor-element elementor-element-5943690b\" data-id=\"5943690b\" data-element_type=\"column\">\n\t\t\t<div class=\"elementor-widget-wrap elementor-element-populated\">\n\t\t\t\t\t\t\t\t<div class=\"elementor-element elementor-element-4cc7e70 elementor-widget elementor-widget-heading\" data-id=\"4cc7e70\" data-element_type=\"widget\" data-widget_type=\"heading.default\">\n\t\t\t\t<div class=\"elementor-widget-container\">\n\t\t\t<style>\/*! elementor - v3.17.0 - 01-11-2023 *\/\n.elementor-heading-title{padding:0;margin:0;line-height:1}.elementor-widget-heading .elementor-heading-title[class*=elementor-size-]>a{color:inherit;font-size:inherit;line-height:inherit}.elementor-widget-heading .elementor-heading-title.elementor-size-small{font-size:15px}.elementor-widget-heading .elementor-heading-title.elementor-size-medium{font-size:19px}.elementor-widget-heading .elementor-heading-title.elementor-size-large{font-size:29px}.elementor-widget-heading .elementor-heading-title.elementor-size-xl{font-size:39px}.elementor-widget-heading .elementor-heading-title.elementor-size-xxl{font-size:59px}<\/style><h1 class=\"elementor-heading-title elementor-size-default\">Contact<\/h1>\t\t<\/div>\n\t\t\t\t<\/div>\n\t\t\t\t<section class=\"elementor-section elementor-inner-section elementor-element elementor-element-45f80b30 elementor-section-boxed elementor-section-height-default elementor-section-height-default\" data-id=\"45f80b30\" data-element_type=\"section\">\n\t\t\t\t\t\t<div class=\"elementor-container elementor-column-gap-default\">\n\t\t\t\t\t<div class=\"elementor-column elementor-col-50 elementor-inner-column elementor-element elementor-element-3671e485\" data-id=\"3671e485\" data-element_type=\"column\">\n\t\t\t<div class=\"elementor-widget-wrap elementor-element-populated\">\n\t\t\t\t\t\t\t\t<div class=\"elementor-element elementor-element-6f931f0 elementor-widget elementor-widget-wpforms\" data-id=\"6f931f0\" data-element_type=\"widget\" data-widget_type=\"wpforms.default\">\n\t\t\t\t<div class=\"elementor-widget-container\">\n\t\t\t<div class=\"wpforms-container wpforms-container-full\" id=\"wpforms-2498\"><form id=\"wpforms-form-2498\" class=\"wpforms-validate wpforms-form wpforms-ajax-form\" data-formid=\"2498\" method=\"post\" enctype=\"multipart\/form-data\" action=\"\/en\/wp-json\/wp\/v2\/pages\/2023\" data-token=\"aeff64a17070d37bc55a7bcc4878b465\"><noscript class=\"wpforms-error-noscript\">Please enable JavaScript in your browser to complete this form.<\/noscript><div class=\"wpforms-field-container\"><div id=\"wpforms-2498-field_0-container\" class=\"wpforms-field wpforms-field-name\" data-field-id=\"0\"><label class=\"wpforms-field-label\" for=\"wpforms-2498-field_0\">NAME - SURNAME <span class=\"wpforms-required-label\">*<\/span><\/label><input type=\"text\" id=\"wpforms-2498-field_0\" class=\"wpforms-field-medium wpforms-field-required\" name=\"wpforms[fields][0]\" required><div class=\"wpforms-field-description\">Name and Surname<\/div><\/div><div id=\"wpforms-2498-field_1-container\" class=\"wpforms-field wpforms-field-email\" data-field-id=\"1\"><label class=\"wpforms-field-label\" for=\"wpforms-2498-field_1\">Email <span class=\"wpforms-required-label\">*<\/span><\/label><input type=\"email\" id=\"wpforms-2498-field_1\" class=\"wpforms-field-medium wpforms-field-required\" name=\"wpforms[fields][1]\" spellcheck=\"false\" required><\/div><div id=\"wpforms-2498-field_5-container\" class=\"wpforms-field wpforms-field-select wpforms-field-select-style-classic\" data-field-id=\"5\"><select id=\"wpforms-2498-field_5\" class=\"wpforms-field-medium\" name=\"wpforms[fields][5]\"><option value=\"Examination\" >Examination<\/option><option value=\"Control\" >Control<\/option><\/select><\/div><div id=\"wpforms-2498-field_2-container\" class=\"wpforms-field wpforms-field-textarea\" data-field-id=\"2\"><label class=\"wpforms-field-label\" for=\"wpforms-2498-field_2\">Send Message<\/label><textarea id=\"wpforms-2498-field_2\" class=\"wpforms-field-medium\" name=\"wpforms[fields][2]\" ><\/textarea><\/div><\/div><!-- .wpforms-field-container --><div class=\"wpforms-submit-container\" ><input type=\"hidden\" name=\"wpforms[id]\" value=\"2498\"><input type=\"hidden\" name=\"wpforms[author]\" value=\"1\"><button type=\"submit\" name=\"wpforms[submit]\" id=\"wpforms-submit-2498\" class=\"wpforms-submit\" data-alt-text=\"It&#039;s being sent...\" data-submit-text=\"Send\" aria-live=\"assertive\" value=\"wpforms-submit\">Send<\/button><img loading=\"lazy\" decoding=\"async\" src=\"https:\/\/dekodenttrabzon.com\/wp-content\/plugins\/wpforms-lite\/assets\/images\/submit-spin.svg\" class=\"wpforms-submit-spinner\" style=\"display: none;\" width=\"26\" height=\"26\" alt=\"Loading\"><\/div><\/form><\/div>  <!-- .wpforms-container -->\t\t<\/div>\n\t\t\t\t<\/div>\n\t\t\t\t\t<\/div>\n\t\t<\/div>\n\t\t\t\t<div class=\"elementor-column elementor-col-50 elementor-inner-column elementor-element elementor-element-1165ef9b\" data-id=\"1165ef9b\" data-element_type=\"column\">\n\t\t\t<div class=\"elementor-widget-wrap elementor-element-populated\">\n\t\t\t\t\t\t\t\t<div class=\"elementor-element elementor-element-4c0c994d elementor-widget elementor-widget-google_maps\" data-id=\"4c0c994d\" data-element_type=\"widget\" data-widget_type=\"google_maps.default\">\n\t\t\t\t<div class=\"elementor-widget-container\">\n\t\t\t<style>\/*! elementor - v3.17.0 - 01-11-2023 *\/\n.elementor-widget-google_maps .elementor-widget-container{overflow:hidden}.elementor-widget-google_maps .elementor-custom-embed{line-height:0}.elementor-widget-google_maps iframe{height:300px}<\/style>\t\t<div class=\"elementor-custom-embed\">\n\t\t\t<iframe loading=\"lazy\"\n\t\t\t\t\tsrc=\"https:\/\/maps.google.com\/maps?q=DEKODENT%20A%C4%9EIZ%20ve%20D%C4%B0%C5%9E%20SA%C4%9ELI%C4%9EI%20POL%C4%B0KL%C4%B0N%C4%B0%C4%9E%C4%B0%2C%20Fatih%2C%20Yavuz%20Selim%20Blv.%20No%3A336%20%2FA%2C%2061000%20Ortahisar%2FTrabzon&#038;t=m&#038;z=14&#038;output=embed&#038;iwloc=near\"\n\t\t\t\t\ttitle=\"DEKODENT A\u011eIZ ve D\u0130\u015e SA\u011eLI\u011eI POL\u0130KL\u0130N\u0130\u011e\u0130, Fatih, Yavuz Selim Blv. No:336 \/A, 61000 Ortahisar\/Trabzon\"\n\t\t\t\t\taria-label=\"DEKODENT A\u011eIZ ve D\u0130\u015e SA\u011eLI\u011eI POL\u0130KL\u0130N\u0130\u011e\u0130, Fatih, Yavuz Selim Blv. No:336 \/A, 61000 Ortahisar\/Trabzon\"\n\t\t\t><\/iframe>\n\t\t<\/div>\n\t\t\t\t<\/div>\n\t\t\t\t<\/div>\n\t\t\t\t<div class=\"elementor-element elementor-element-112b8e00 e-transform eael-infobox-icon-bg-shape-none eael-infobox-icon-hover-bg-shape-none elementor-widget elementor-widget-eael-info-box\" data-id=\"112b8e00\" data-element_type=\"widget\" data-settings=\"{&quot;_transform_scale_effect_hover&quot;:{&quot;unit&quot;:&quot;px&quot;,&quot;size&quot;:1.020000000000000017763568394002504646778106689453125,&quot;sizes&quot;:[]},&quot;_transform_scale_effect_hover_tablet&quot;:{&quot;unit&quot;:&quot;px&quot;,&quot;size&quot;:&quot;&quot;,&quot;sizes&quot;:[]},&quot;_transform_scale_effect_hover_mobile&quot;:{&quot;unit&quot;:&quot;px&quot;,&quot;size&quot;:&quot;&quot;,&quot;sizes&quot;:[]}}\" data-widget_type=\"eael-info-box.default\">\n\t\t\t\t<div class=\"elementor-widget-container\">\n\t\t\t            <a href=\"tel:\/\/+905309584461\">\n\t            <div class=\"eael-infobox icon-on-left\">\n\t            <div class=\"infobox-icon elementor-animation-grow eael-icon-only\">\n\n            \n                            <div class=\"infobox-icon-wrap\">\n                    <i aria-hidden=\"true\" class=\"fas fa-mobile-alt\"><\/i>                <\/div>\n            \n            \n        <\/div>\n            <div class=\"infobox-content eael-icon-only\">\n                                                                        <p><p>+90 530 958 44 61<\/p><\/p>\n                                                                            <\/div>\n            <\/div>\n\n\t\t            <\/a>\n\t\t\t\t<\/div>\n\t\t\t\t<\/div>\n\t\t\t\t<div class=\"elementor-element elementor-element-5dcbb69d e-transform eael-infobox-icon-bg-shape-none eael-infobox-icon-hover-bg-shape-none elementor-widget elementor-widget-eael-info-box\" data-id=\"5dcbb69d\" data-element_type=\"widget\" data-settings=\"{&quot;_transform_scale_effect_hover&quot;:{&quot;unit&quot;:&quot;px&quot;,&quot;size&quot;:1.020000000000000017763568394002504646778106689453125,&quot;sizes&quot;:[]},&quot;_transform_scale_effect_hover_tablet&quot;:{&quot;unit&quot;:&quot;px&quot;,&quot;size&quot;:&quot;&quot;,&quot;sizes&quot;:[]},&quot;_transform_scale_effect_hover_mobile&quot;:{&quot;unit&quot;:&quot;px&quot;,&quot;size&quot;:&quot;&quot;,&quot;sizes&quot;:[]}}\" data-widget_type=\"eael-info-box.default\">\n\t\t\t\t<div class=\"elementor-widget-container\">\n\t\t\t            <a href=\"tel:\/\/+904623334400\">\n\t            <div class=\"eael-infobox icon-on-left\">\n\t            <div class=\"infobox-icon elementor-animation-grow eael-icon-only\">\n\n            \n                            <div class=\"infobox-icon-wrap\">\n                    <i aria-hidden=\"true\" class=\"fas fa-phone-alt\"><\/i>                <\/div>\n            \n            \n        <\/div>\n            <div class=\"infobox-content eael-icon-only\">\n                                                                        <p><p>+90 462 333 44 00<\/p><\/p>\n                                                                            <\/div>\n            <\/div>\n\n\t\t            <\/a>\n\t\t\t\t<\/div>\n\t\t\t\t<\/div>\n\t\t\t\t<div class=\"elementor-element elementor-element-af7235b e-transform eael-infobox-icon-bg-shape-none eael-infobox-icon-hover-bg-shape-none elementor-widget elementor-widget-eael-info-box\" data-id=\"af7235b\" data-element_type=\"widget\" data-settings=\"{&quot;_transform_scale_effect_hover&quot;:{&quot;unit&quot;:&quot;px&quot;,&quot;size&quot;:1.020000000000000017763568394002504646778106689453125,&quot;sizes&quot;:[]},&quot;_transform_scale_effect_hover_tablet&quot;:{&quot;unit&quot;:&quot;px&quot;,&quot;size&quot;:&quot;&quot;,&quot;sizes&quot;:[]},&quot;_transform_scale_effect_hover_mobile&quot;:{&quot;unit&quot;:&quot;px&quot;,&quot;size&quot;:&quot;&quot;,&quot;sizes&quot;:[]}}\" data-widget_type=\"eael-info-box.default\">\n\t\t\t\t<div class=\"elementor-widget-container\">\n\t\t\t            <a href=\"mailto:info@dekodenttrabzon.com\">\n\t            <div class=\"eael-infobox icon-on-left\">\n\t            <div class=\"infobox-icon elementor-animation-grow eael-icon-only\">\n\n            \n                            <div class=\"infobox-icon-wrap\">\n                    <i aria-hidden=\"true\" class=\"fas fa-mail-bulk\"><\/i>                <\/div>\n            \n            \n        <\/div>\n            <div class=\"infobox-content eael-icon-only\">\n                                                                        <p><p>info@dekodenttrabzon.com<\/p><\/p>\n                                                                            <\/div>\n            <\/div>\n\n\t\t            <\/a>\n\t\t\t\t<\/div>\n\t\t\t\t<\/div>\n\t\t\t\t<div class=\"elementor-element elementor-element-68c9b079 e-transform eael-infobox-icon-bg-shape-none eael-infobox-icon-hover-bg-shape-none elementor-widget elementor-widget-eael-info-box\" data-id=\"68c9b079\" data-element_type=\"widget\" data-settings=\"{&quot;_transform_scale_effect_hover&quot;:{&quot;unit&quot;:&quot;px&quot;,&quot;size&quot;:1.020000000000000017763568394002504646778106689453125,&quot;sizes&quot;:[]},&quot;_transform_scale_effect_hover_tablet&quot;:{&quot;unit&quot;:&quot;px&quot;,&quot;size&quot;:&quot;&quot;,&quot;sizes&quot;:[]},&quot;_transform_scale_effect_hover_mobile&quot;:{&quot;unit&quot;:&quot;px&quot;,&quot;size&quot;:&quot;&quot;,&quot;sizes&quot;:[]}}\" data-widget_type=\"eael-info-box.default\">\n\t\t\t\t<div class=\"elementor-widget-container\">\n\t\t\t            <a href=\"https:\/\/wa.me\/905309584461\">\n\t            <div class=\"eael-infobox icon-on-left\">\n\t            <div class=\"infobox-icon elementor-animation-grow eael-icon-only\">\n\n            \n                            <div class=\"infobox-icon-wrap\">\n                    <i aria-hidden=\"true\" class=\"fab fa-whatsapp\"><\/i>                <\/div>\n            \n            \n        <\/div>\n            <div class=\"infobox-content eael-icon-only\">\n                            <p class=\"title\">Whatsapp Communication<\/p>\n                                                                        <p><p>+90 530 958 44 61<\/p><\/p>\n                                                                            <\/div>\n            <\/div>\n\n\t\t            <\/a>\n\t\t\t\t<\/div>\n\t\t\t\t<\/div>\n\t\t\t\t\t<\/div>\n\t\t<\/div>\n\t\t\t\t\t\t\t<\/div>\n\t\t<\/section>\n\t\t\t\t\t<\/div>\n\t\t<\/div>\n\t\t\t\t\t\t\t<\/div>\n\t\t<\/section>\n\t\t\t\t<section class=\"elementor-section elementor-top-section elementor-element elementor-element-ff2b65d elementor-section-boxed elementor-section-height-default elementor-section-height-default\" data-id=\"ff2b65d\" data-element_type=\"section\">\n\t\t\t\t\t\t<div class=\"elementor-container elementor-column-gap-default\">\n\t\t\t\t\t<div class=\"elementor-column elementor-col-100 elementor-top-column elementor-element elementor-element-1d9d708\" data-id=\"1d9d708\" data-element_type=\"column\">\n\t\t\t<div class=\"elementor-widget-wrap\">\n\t\t\t\t\t\t\t\t\t<\/div>\n\t\t<\/div>\n\t\t\t\t\t\t\t<\/div>\n\t\t<\/section>\n\t\t\t\t\t\t\t<\/div>\n\t\t","protected":false},"excerpt":{"rendered":"<p>Contact Bu formu bitirebilmek i\u00e7in taray\u0131c\u0131n\u0131zda JavaScript&#039;i etkinle\u015ftirin.NAME &#8211; SURNAME *Name and SurnameEmail *ExaminationControlSend Message Send +90 530 958 44 61 +90 462 333 44 00 info@dekodenttrabzon.com Whatsapp Communication +90 530 958 44 61<\/p>\n","protected":false},"author":1,"featured_media":0,"parent":0,"menu_order":5,"comment_status":"closed","ping_status":"closed","template":"elementor_header_footer","meta":{"footnotes":""},"class_list":["post-2023","page","type-page","status-publish","hentry"],"yoast_head":"<!-- This site is optimized with the Yoast SEO plugin v21.5 - https:\/\/yoast.com\/wordpress\/plugins\/seo\/ -->\n<title>Contact - Dekodent<\/title>\n<meta name=\"description\" content=\"Click to learn the contact addresses of Dekodent Oral and Dental Health. You can ask your questions to our live support line.\" \/>\n<meta name=\"robots\" content=\"index, follow, max-snippet:-1, max-image-preview:large, max-video-preview:-1\" \/>\n<link rel=\"canonical\" href=\"https:\/\/dekodenttrabzon.com\/iletisim\/\" \/>\n<meta property=\"og:locale\" content=\"en_US\" \/>\n<meta property=\"og:type\" content=\"article\" \/>\n<meta property=\"og:title\" content=\"Contact - Dekodent\" \/>\n<meta property=\"og:description\" content=\"Click to learn the contact addresses of Dekodent Oral and Dental Health. You can ask your questions to our live support line.\" \/>\n<meta property=\"og:url\" content=\"https:\/\/dekodenttrabzon.com\/iletisim\/\" \/>\n<meta property=\"og:site_name\" content=\"Dekodent\" \/>\n<meta property=\"article:modified_time\" content=\"2023-10-26T12:10:49+00:00\" \/>\n<meta property=\"og:image\" content=\"https:\/\/dekodenttrabzon.com\/wp-content\/plugins\/wpforms-lite\/assets\/images\/submit-spin.svg\" \/>\n<meta name=\"twitter:card\" content=\"summary_large_image\" \/>\n<meta name=\"twitter:label1\" content=\"Est. reading time\" \/>\n\t<meta name=\"twitter:data1\" content=\"1 minute\" \/>\n<script type=\"application\/ld+json\" class=\"yoast-schema-graph\">{\"@context\":\"https:\/\/schema.org\",\"@graph\":[{\"@type\":\"WebPage\",\"@id\":\"https:\/\/dekodenttrabzon.com\/iletisim\/\",\"url\":\"https:\/\/dekodenttrabzon.com\/iletisim\/\",\"name\":\"Contact - Dekodent\",\"isPartOf\":{\"@id\":\"https:\/\/dekodenttrabzon.com\/#website\"},\"datePublished\":\"2022-08-25T00:24:42+00:00\",\"dateModified\":\"2023-10-26T12:10:49+00:00\",\"description\":\"Click to learn the contact addresses of Dekodent Oral and Dental Health. You can ask your questions to our live support line.\",\"breadcrumb\":{\"@id\":\"https:\/\/dekodenttrabzon.com\/iletisim\/#breadcrumb\"},\"inLanguage\":\"en-US\",\"potentialAction\":[{\"@type\":\"ReadAction\",\"target\":[\"https:\/\/dekodenttrabzon.com\/iletisim\/\"]}]},{\"@type\":\"BreadcrumbList\",\"@id\":\"https:\/\/dekodenttrabzon.com\/iletisim\/#breadcrumb\",\"itemListElement\":[{\"@type\":\"ListItem\",\"position\":1,\"name\":\"Home\",\"item\":\"https:\/\/dekodenttrabzon.com\/en\/\"},{\"@type\":\"ListItem\",\"position\":2,\"name\":\"Contact\"}]},{\"@type\":\"WebSite\",\"@id\":\"https:\/\/dekodenttrabzon.com\/#website\",\"url\":\"https:\/\/dekodenttrabzon.com\/\",\"name\":\"Dekodent\",\"description\":\"Dekodent Trabzon A\u011f\u0131z ve Di\u015f Sa\u011fl\u0131\u011f\u0131 Merkezi\",\"publisher\":{\"@id\":\"https:\/\/dekodenttrabzon.com\/#organization\"},\"potentialAction\":[{\"@type\":\"SearchAction\",\"target\":{\"@type\":\"EntryPoint\",\"urlTemplate\":\"https:\/\/dekodenttrabzon.com\/?s={search_term_string}\"},\"query-input\":\"required name=search_term_string\"}],\"inLanguage\":\"en-US\"},{\"@type\":\"Organization\",\"@id\":\"https:\/\/dekodenttrabzon.com\/#organization\",\"name\":\"Dekodent\",\"url\":\"https:\/\/dekodenttrabzon.com\/\",\"logo\":{\"@type\":\"ImageObject\",\"inLanguage\":\"en-US\",\"@id\":\"https:\/\/dekodenttrabzon.com\/#\/schema\/logo\/image\/\",\"url\":\"https:\/\/dekodenttrabzon.com\/wp-content\/uploads\/2022\/08\/cropped-Dekodent-e1661268809677-1.jpeg\",\"contentUrl\":\"https:\/\/dekodenttrabzon.com\/wp-content\/uploads\/2022\/08\/cropped-Dekodent-e1661268809677-1.jpeg\",\"width\":386,\"height\":195,\"caption\":\"Dekodent\"},\"image\":{\"@id\":\"https:\/\/dekodenttrabzon.com\/#\/schema\/logo\/image\/\"}}]}<\/script>\n<!-- \/ Yoast SEO plugin. -->","yoast_head_json":{"title":"Contact - Dekodent","description":"Click to learn the contact addresses of Dekodent Oral and Dental Health. You can ask your questions to our live support line.","robots":{"index":"index","follow":"follow","max-snippet":"max-snippet:-1","max-image-preview":"max-image-preview:large","max-video-preview":"max-video-preview:-1"},"canonical":"https:\/\/dekodenttrabzon.com\/iletisim\/","og_locale":"en_US","og_type":"article","og_title":"Contact - Dekodent","og_description":"Click to learn the contact addresses of Dekodent Oral and Dental Health. You can ask your questions to our live support line.","og_url":"https:\/\/dekodenttrabzon.com\/iletisim\/","og_site_name":"Dekodent","article_modified_time":"2023-10-26T12:10:49+00:00","og_image":[{"url":"https:\/\/dekodenttrabzon.com\/wp-content\/plugins\/wpforms-lite\/assets\/images\/submit-spin.svg"}],"twitter_card":"summary_large_image","twitter_misc":{"Est. reading time":"1 minute"},"schema":{"@context":"https:\/\/schema.org","@graph":[{"@type":"WebPage","@id":"https:\/\/dekodenttrabzon.com\/iletisim\/","url":"https:\/\/dekodenttrabzon.com\/iletisim\/","name":"Contact - Dekodent","isPartOf":{"@id":"https:\/\/dekodenttrabzon.com\/#website"},"datePublished":"2022-08-25T00:24:42+00:00","dateModified":"2023-10-26T12:10:49+00:00","description":"Click to learn the contact addresses of Dekodent Oral and Dental Health. You can ask your questions to our live support line.","breadcrumb":{"@id":"https:\/\/dekodenttrabzon.com\/iletisim\/#breadcrumb"},"inLanguage":"en-US","potentialAction":[{"@type":"ReadAction","target":["https:\/\/dekodenttrabzon.com\/iletisim\/"]}]},{"@type":"BreadcrumbList","@id":"https:\/\/dekodenttrabzon.com\/iletisim\/#breadcrumb","itemListElement":[{"@type":"ListItem","position":1,"name":"Home","item":"https:\/\/dekodenttrabzon.com\/en\/"},{"@type":"ListItem","position":2,"name":"Contact"}]},{"@type":"WebSite","@id":"https:\/\/dekodenttrabzon.com\/#website","url":"https:\/\/dekodenttrabzon.com\/","name":"Dekodent","description":"Dekodent Trabzon A\u011f\u0131z ve Di\u015f Sa\u011fl\u0131\u011f\u0131 Merkezi","publisher":{"@id":"https:\/\/dekodenttrabzon.com\/#organization"},"potentialAction":[{"@type":"SearchAction","target":{"@type":"EntryPoint","urlTemplate":"https:\/\/dekodenttrabzon.com\/?s={search_term_string}"},"query-input":"required name=search_term_string"}],"inLanguage":"en-US"},{"@type":"Organization","@id":"https:\/\/dekodenttrabzon.com\/#organization","name":"Dekodent","url":"https:\/\/dekodenttrabzon.com\/","logo":{"@type":"ImageObject","inLanguage":"en-US","@id":"https:\/\/dekodenttrabzon.com\/#\/schema\/logo\/image\/","url":"https:\/\/dekodenttrabzon.com\/wp-content\/uploads\/2022\/08\/cropped-Dekodent-e1661268809677-1.jpeg","contentUrl":"https:\/\/dekodenttrabzon.com\/wp-content\/uploads\/2022\/08\/cropped-Dekodent-e1661268809677-1.jpeg","width":386,"height":195,"caption":"Dekodent"},"image":{"@id":"https:\/\/dekodenttrabzon.com\/#\/schema\/logo\/image\/"}}]}},"_links":{"self":[{"href":"https:\/\/dekodenttrabzon.com\/en\/wp-json\/wp\/v2\/pages\/2023","targetHints":{"allow":["GET"]}}],"collection":[{"href":"https:\/\/dekodenttrabzon.com\/en\/wp-json\/wp\/v2\/pages"}],"about":[{"href":"https:\/\/dekodenttrabzon.com\/en\/wp-json\/wp\/v2\/types\/page"}],"author":[{"embeddable":true,"href":"https:\/\/dekodenttrabzon.com\/en\/wp-json\/wp\/v2\/users\/1"}],"replies":[{"embeddable":true,"href":"https:\/\/dekodenttrabzon.com\/en\/wp-json\/wp\/v2\/comments?post=2023"}],"version-history":[{"count":26,"href":"https:\/\/dekodenttrabzon.com\/en\/wp-json\/wp\/v2\/pages\/2023\/revisions"}],"predecessor-version":[{"id":2516,"href":"https:\/\/dekodenttrabzon.com\/en\/wp-json\/wp\/v2\/pages\/2023\/revisions\/2516"}],"wp:attachment":[{"href":"https:\/\/dekodenttrabzon.com\/en\/wp-json\/wp\/v2\/media?parent=2023"}],"curies":[{"name":"wp","href":"https:\/\/api.w.org\/{rel}","templated":true}]}}