{"id":2076,"date":"2022-12-20T07:31:30","date_gmt":"2022-12-20T07:31:30","guid":{"rendered":"https:\/\/dekodenttrabzon.com\/our-team\/doc-dr-melih-ates\/"},"modified":"2023-08-18T12:03:46","modified_gmt":"2023-08-18T12:03:46","slug":"assoc-prof-dr-melih-ates","status":"publish","type":"page","link":"https:\/\/dekodenttrabzon.com\/en\/our-team\/assoc-prof-dr-melih-ates\/","title":{"rendered":"Assoc.Prof. Dr. MEL\u0130H ATE\u015e"},"content":{"rendered":"\t\t<div data-elementor-type=\"wp-page\" data-elementor-id=\"2076\" class=\"elementor elementor-2076 elementor-950\" data-elementor-post-type=\"page\">\n\t\t\t\t\t\t\t\t\t<section class=\"elementor-section elementor-top-section elementor-element elementor-element-2c2d691 elementor-section-boxed elementor-section-height-default elementor-section-height-default\" data-id=\"2c2d691\" data-element_type=\"section\">\n\t\t\t\t\t\t<div class=\"elementor-container elementor-column-gap-default\">\n\t\t\t\t\t<div class=\"elementor-column elementor-col-100 elementor-top-column elementor-element elementor-element-f1790d4\" data-id=\"f1790d4\" data-element_type=\"column\">\n\t\t\t<div class=\"elementor-widget-wrap elementor-element-populated\">\n\t\t\t\t\t\t\t\t<div class=\"elementor-element elementor-element-1a6e1ad elementor-widget elementor-widget-html\" data-id=\"1a6e1ad\" data-element_type=\"widget\" data-widget_type=\"html.default\">\n\t\t\t\t<div class=\"elementor-widget-container\">\n\t\t\t<H1>Assoc. Prof. Dr. Melih Ates\u0327<\/H1>\t\t<\/div>\n\t\t\t\t<\/div>\n\t\t\t\t\t<\/div>\n\t\t<\/div>\n\t\t\t\t\t\t\t<\/div>\n\t\t<\/section>\n\t\t\t\t<section class=\"elementor-section elementor-top-section elementor-element elementor-element-7fae9a51 elementor-section-boxed elementor-section-height-default elementor-section-height-default\" data-id=\"7fae9a51\" data-element_type=\"section\">\n\t\t\t\t\t\t<div class=\"elementor-container elementor-column-gap-default\">\n\t\t\t\t\t<div class=\"elementor-column elementor-col-100 elementor-top-column elementor-element elementor-element-60dc93d8\" data-id=\"60dc93d8\" data-element_type=\"column\">\n\t\t\t<div class=\"elementor-widget-wrap elementor-element-populated\">\n\t\t\t\t\t\t\t\t<div class=\"elementor-element elementor-element-6492147c elementor-widget elementor-widget-text-editor\" data-id=\"6492147c\" data-element_type=\"widget\" data-widget_type=\"text-editor.default\">\n\t\t\t\t<div class=\"elementor-widget-container\">\n\t\t\t<style>\/*! elementor - v3.17.0 - 01-11-2023 *\/\n.elementor-widget-text-editor.elementor-drop-cap-view-stacked .elementor-drop-cap{background-color:#69727d;color:#fff}.elementor-widget-text-editor.elementor-drop-cap-view-framed .elementor-drop-cap{color:#69727d;border:3px solid;background-color:transparent}.elementor-widget-text-editor:not(.elementor-drop-cap-view-default) .elementor-drop-cap{margin-top:8px}.elementor-widget-text-editor:not(.elementor-drop-cap-view-default) .elementor-drop-cap-letter{width:1em;height:1em}.elementor-widget-text-editor .elementor-drop-cap{float:left;text-align:center;line-height:1;font-size:50px}.elementor-widget-text-editor .elementor-drop-cap-letter{display:inline-block}<\/style>\t\t\t\t<p><\/p>\n<p><img loading=\"lazy\" decoding=\"async\" class=\"alignnone\" src=\"https:\/\/dekodenttrabzon.com\/wp-content\/uploads\/2022\/08\/Doc\u0327-Dr-Melih-Ates\u0327-2-226x300.jpg\" alt=\"Doc\u0327 Dr Melih Ates\u0327\" width=\"226\" height=\"300\"><br><\/p>\n<p>Assoc. Prof. Dr. Melih Ates\u0327&nbsp; &nbsp;<\/p>\n<p>He was born in Trabzon in 1983. He graduated from Trabzon Kanuni Anatolian High School in 2001. He started his undergraduate education at Gazi University Faculty of Dentistry in 2001 and completed it in 2006. In 2007, he completed his doctorate in the Department of Prosthetic Dentistry, which he started in the scope of the joint doctorate program of Karadeniz Technical University Faculty of Dentistry \/ Atat\u00fcrk University, in 2013. In 2013, he was appointed as an Assistant Professor to the Faculty of Dentistry of Rize Recep Tayyip Erdogan University. In 2019, he received the title of Associate Professor in the Department of Prosthetic Dentistry. He served as the Deputy Dean, Member of the Senate, Head of the Department at different times at Recep Tayyip Erdo\u011fan University, and served on many commissions. He has many scientific articles and presentations published in Turkey and abroad. He worked as an executive and researcher in T\u00fcbitak and national projects. His work on implants has been patented. As of June 2022, he has been working at the Private DEKODENT Oral and Dental Health Polyclinic, of which he is the founding partner. He is a member of the Turkish Dentists Association and the Turkish Prosthodontics and Implantology Association.<\/p>\n<div>\n<p><\/p>\n<\/div>\t\t\t\t\t\t<\/div>\n\t\t\t\t<\/div>\n\t\t\t\t\t<\/div>\n\t\t<\/div>\n\t\t\t\t\t\t\t<\/div>\n\t\t<\/section>\n\t\t\t\t<section class=\"elementor-section elementor-top-section elementor-element elementor-element-bec5962 elementor-section-boxed elementor-section-height-default elementor-section-height-default\" data-id=\"bec5962\" data-element_type=\"section\">\n\t\t\t\t\t\t<div class=\"elementor-container elementor-column-gap-default\">\n\t\t\t\t\t<div class=\"elementor-column elementor-col-100 elementor-top-column elementor-element elementor-element-8865453\" data-id=\"8865453\" data-element_type=\"column\">\n\t\t\t<div class=\"elementor-widget-wrap elementor-element-populated\">\n\t\t\t\t\t\t\t\t<div class=\"elementor-element elementor-element-a7710f7 elementor-widget elementor-widget-html\" data-id=\"a7710f7\" data-element_type=\"widget\" data-widget_type=\"html.default\">\n\t\t\t\t<div class=\"elementor-widget-container\">\n\t\t\t<a id=\"zl-url\" class=\"zl-url\" href=\"https:\/\/www.doktortakvimi.com\/sabit-melih-ates\/protetik-dis-tedavisi-dis-hekimi\/trabzon\" rel=\"nofollow\" data-zlw-doctor=\"sabit-melih-ates\" data-zlw-type=\"big\" data-zlw-opinion=\"false\" data-zlw-hide-branding=\"true\">sabit-melih-ates - DoktorTakvimi.com<\/a><script>!function($_x,_s,id){var js,fjs=$_x.getElementsByTagName(_s)[0];if(!$_x.getElementById(id)){js = $_x.createElement(_s);js.id = id;js.src = \"\/\/www.docplanner-platform.com\/js\/widget.js\";fjs.parentNode.insertBefore(js,fjs);}}(document,\"script\",\"zl-widget-s\");<\/script>\r\n\t\t<\/div>\n\t\t\t\t<\/div>\n\t\t\t\t\t<\/div>\n\t\t<\/div>\n\t\t\t\t\t\t\t<\/div>\n\t\t<\/section>\n\t\t\t\t\t\t\t<\/div>\n\t\t","protected":false},"excerpt":{"rendered":"<p>Assoc. Prof. Dr. Melih Ates\u0327 Assoc. Prof. Dr. Melih Ates\u0327&nbsp; &nbsp; He was born in Trabzon in 1983. He graduated from Trabzon Kanuni Anatolian High School in 2001. He started his undergraduate education at Gazi University Faculty of Dentistry in 2001 and completed it in 2006. In 2007, he completed his doctorate in the Department of Prosthetic Dentistry, which he&#8230;<\/p>\n","protected":false},"author":1,"featured_media":0,"parent":2021,"menu_order":0,"comment_status":"closed","ping_status":"closed","template":"page-templates\/full-width-container.php","meta":{"footnotes":""},"class_list":["post-2076","page","type-page","status-publish","hentry"],"yoast_head":"<!-- This site is optimized with the Yoast SEO plugin v21.5 - https:\/\/yoast.com\/wordpress\/plugins\/seo\/ -->\n<title>Assoc.Prof. Dr. MEL\u0130H ATE\u015e - Dekodent<\/title>\n<meta name=\"description\" content=\"Assoc. Dr. Melih Ate\u015f Private Dekodent Oral and Dental Health Center accepts patients. Click for Appointments and Questions!\" \/>\n<meta name=\"robots\" content=\"index, follow, max-snippet:-1, max-image-preview:large, max-video-preview:-1\" \/>\n<link rel=\"canonical\" href=\"https:\/\/dekodenttrabzon.com\/en\/our-team\/assoc-prof-dr-melih-ates\/\" \/>\n<meta property=\"og:locale\" content=\"en_US\" \/>\n<meta property=\"og:type\" content=\"article\" \/>\n<meta property=\"og:title\" content=\"Assoc.Prof. Dr. MEL\u0130H ATE\u015e - Dekodent\" \/>\n<meta property=\"og:description\" content=\"Assoc. Dr. Melih Ate\u015f Private Dekodent Oral and Dental Health Center accepts patients. Click for Appointments and Questions!\" \/>\n<meta property=\"og:url\" content=\"https:\/\/dekodenttrabzon.com\/en\/our-team\/assoc-prof-dr-melih-ates\/\" \/>\n<meta property=\"og:site_name\" content=\"Dekodent\" \/>\n<meta property=\"article:modified_time\" content=\"2023-08-18T12:03:46+00:00\" \/>\n<meta name=\"twitter:card\" content=\"summary_large_image\" \/>\n<meta name=\"twitter:label1\" content=\"Est. reading time\" \/>\n\t<meta name=\"twitter:data1\" content=\"2 minutes\" \/>\n<script type=\"application\/ld+json\" class=\"yoast-schema-graph\">{\"@context\":\"https:\/\/schema.org\",\"@graph\":[{\"@type\":\"WebPage\",\"@id\":\"https:\/\/dekodenttrabzon.com\/en\/our-team\/assoc-prof-dr-melih-ates\/\",\"url\":\"https:\/\/dekodenttrabzon.com\/en\/our-team\/assoc-prof-dr-melih-ates\/\",\"name\":\"Assoc.Prof. Dr. MEL\u0130H ATE\u015e - Dekodent\",\"isPartOf\":{\"@id\":\"https:\/\/dekodenttrabzon.com\/#website\"},\"datePublished\":\"2022-12-20T07:31:30+00:00\",\"dateModified\":\"2023-08-18T12:03:46+00:00\",\"description\":\"Assoc. Dr. Melih Ate\u015f Private Dekodent Oral and Dental Health Center accepts patients. Click for Appointments and Questions!\",\"breadcrumb\":{\"@id\":\"https:\/\/dekodenttrabzon.com\/en\/our-team\/assoc-prof-dr-melih-ates\/#breadcrumb\"},\"inLanguage\":\"en-US\",\"potentialAction\":[{\"@type\":\"ReadAction\",\"target\":[\"https:\/\/dekodenttrabzon.com\/en\/our-team\/assoc-prof-dr-melih-ates\/\"]}]},{\"@type\":\"BreadcrumbList\",\"@id\":\"https:\/\/dekodenttrabzon.com\/en\/our-team\/assoc-prof-dr-melih-ates\/#breadcrumb\",\"itemListElement\":[{\"@type\":\"ListItem\",\"position\":1,\"name\":\"Home\",\"item\":\"https:\/\/dekodenttrabzon.com\/en\/\"},{\"@type\":\"ListItem\",\"position\":2,\"name\":\"Our Team\",\"item\":\"https:\/\/dekodenttrabzon.com\/en\/our-team\/\"},{\"@type\":\"ListItem\",\"position\":3,\"name\":\"Assoc.Prof. Dr. MEL\u0130H ATE\u015e\"}]},{\"@type\":\"WebSite\",\"@id\":\"https:\/\/dekodenttrabzon.com\/#website\",\"url\":\"https:\/\/dekodenttrabzon.com\/\",\"name\":\"Dekodent\",\"description\":\"Dekodent Trabzon A\u011f\u0131z ve Di\u015f Sa\u011fl\u0131\u011f\u0131 Merkezi\",\"publisher\":{\"@id\":\"https:\/\/dekodenttrabzon.com\/#organization\"},\"potentialAction\":[{\"@type\":\"SearchAction\",\"target\":{\"@type\":\"EntryPoint\",\"urlTemplate\":\"https:\/\/dekodenttrabzon.com\/?s={search_term_string}\"},\"query-input\":\"required name=search_term_string\"}],\"inLanguage\":\"en-US\"},{\"@type\":\"Organization\",\"@id\":\"https:\/\/dekodenttrabzon.com\/#organization\",\"name\":\"Dekodent\",\"url\":\"https:\/\/dekodenttrabzon.com\/\",\"logo\":{\"@type\":\"ImageObject\",\"inLanguage\":\"en-US\",\"@id\":\"https:\/\/dekodenttrabzon.com\/#\/schema\/logo\/image\/\",\"url\":\"https:\/\/dekodenttrabzon.com\/wp-content\/uploads\/2022\/08\/cropped-Dekodent-e1661268809677-1.jpeg\",\"contentUrl\":\"https:\/\/dekodenttrabzon.com\/wp-content\/uploads\/2022\/08\/cropped-Dekodent-e1661268809677-1.jpeg\",\"width\":386,\"height\":195,\"caption\":\"Dekodent\"},\"image\":{\"@id\":\"https:\/\/dekodenttrabzon.com\/#\/schema\/logo\/image\/\"}}]}<\/script>\n<!-- \/ Yoast SEO plugin. -->","yoast_head_json":{"title":"Assoc.Prof. Dr. MEL\u0130H ATE\u015e - Dekodent","description":"Assoc. Dr. Melih Ate\u015f Private Dekodent Oral and Dental Health Center accepts patients. Click for Appointments and Questions!","robots":{"index":"index","follow":"follow","max-snippet":"max-snippet:-1","max-image-preview":"max-image-preview:large","max-video-preview":"max-video-preview:-1"},"canonical":"https:\/\/dekodenttrabzon.com\/en\/our-team\/assoc-prof-dr-melih-ates\/","og_locale":"en_US","og_type":"article","og_title":"Assoc.Prof. Dr. MEL\u0130H ATE\u015e - Dekodent","og_description":"Assoc. Dr. Melih Ate\u015f Private Dekodent Oral and Dental Health Center accepts patients. Click for Appointments and Questions!","og_url":"https:\/\/dekodenttrabzon.com\/en\/our-team\/assoc-prof-dr-melih-ates\/","og_site_name":"Dekodent","article_modified_time":"2023-08-18T12:03:46+00:00","twitter_card":"summary_large_image","twitter_misc":{"Est. reading time":"2 minutes"},"schema":{"@context":"https:\/\/schema.org","@graph":[{"@type":"WebPage","@id":"https:\/\/dekodenttrabzon.com\/en\/our-team\/assoc-prof-dr-melih-ates\/","url":"https:\/\/dekodenttrabzon.com\/en\/our-team\/assoc-prof-dr-melih-ates\/","name":"Assoc.Prof. Dr. MEL\u0130H ATE\u015e - Dekodent","isPartOf":{"@id":"https:\/\/dekodenttrabzon.com\/#website"},"datePublished":"2022-12-20T07:31:30+00:00","dateModified":"2023-08-18T12:03:46+00:00","description":"Assoc. Dr. Melih Ate\u015f Private Dekodent Oral and Dental Health Center accepts patients. Click for Appointments and Questions!","breadcrumb":{"@id":"https:\/\/dekodenttrabzon.com\/en\/our-team\/assoc-prof-dr-melih-ates\/#breadcrumb"},"inLanguage":"en-US","potentialAction":[{"@type":"ReadAction","target":["https:\/\/dekodenttrabzon.com\/en\/our-team\/assoc-prof-dr-melih-ates\/"]}]},{"@type":"BreadcrumbList","@id":"https:\/\/dekodenttrabzon.com\/en\/our-team\/assoc-prof-dr-melih-ates\/#breadcrumb","itemListElement":[{"@type":"ListItem","position":1,"name":"Home","item":"https:\/\/dekodenttrabzon.com\/en\/"},{"@type":"ListItem","position":2,"name":"Our Team","item":"https:\/\/dekodenttrabzon.com\/en\/our-team\/"},{"@type":"ListItem","position":3,"name":"Assoc.Prof. Dr. MEL\u0130H ATE\u015e"}]},{"@type":"WebSite","@id":"https:\/\/dekodenttrabzon.com\/#website","url":"https:\/\/dekodenttrabzon.com\/","name":"Dekodent","description":"Dekodent Trabzon A\u011f\u0131z ve Di\u015f Sa\u011fl\u0131\u011f\u0131 Merkezi","publisher":{"@id":"https:\/\/dekodenttrabzon.com\/#organization"},"potentialAction":[{"@type":"SearchAction","target":{"@type":"EntryPoint","urlTemplate":"https:\/\/dekodenttrabzon.com\/?s={search_term_string}"},"query-input":"required name=search_term_string"}],"inLanguage":"en-US"},{"@type":"Organization","@id":"https:\/\/dekodenttrabzon.com\/#organization","name":"Dekodent","url":"https:\/\/dekodenttrabzon.com\/","logo":{"@type":"ImageObject","inLanguage":"en-US","@id":"https:\/\/dekodenttrabzon.com\/#\/schema\/logo\/image\/","url":"https:\/\/dekodenttrabzon.com\/wp-content\/uploads\/2022\/08\/cropped-Dekodent-e1661268809677-1.jpeg","contentUrl":"https:\/\/dekodenttrabzon.com\/wp-content\/uploads\/2022\/08\/cropped-Dekodent-e1661268809677-1.jpeg","width":386,"height":195,"caption":"Dekodent"},"image":{"@id":"https:\/\/dekodenttrabzon.com\/#\/schema\/logo\/image\/"}}]}},"_links":{"self":[{"href":"https:\/\/dekodenttrabzon.com\/en\/wp-json\/wp\/v2\/pages\/2076","targetHints":{"allow":["GET"]}}],"collection":[{"href":"https:\/\/dekodenttrabzon.com\/en\/wp-json\/wp\/v2\/pages"}],"about":[{"href":"https:\/\/dekodenttrabzon.com\/en\/wp-json\/wp\/v2\/types\/page"}],"author":[{"embeddable":true,"href":"https:\/\/dekodenttrabzon.com\/en\/wp-json\/wp\/v2\/users\/1"}],"replies":[{"embeddable":true,"href":"https:\/\/dekodenttrabzon.com\/en\/wp-json\/wp\/v2\/comments?post=2076"}],"version-history":[{"count":8,"href":"https:\/\/dekodenttrabzon.com\/en\/wp-json\/wp\/v2\/pages\/2076\/revisions"}],"predecessor-version":[{"id":2124,"href":"https:\/\/dekodenttrabzon.com\/en\/wp-json\/wp\/v2\/pages\/2076\/revisions\/2124"}],"up":[{"embeddable":true,"href":"https:\/\/dekodenttrabzon.com\/en\/wp-json\/wp\/v2\/pages\/2021"}],"wp:attachment":[{"href":"https:\/\/dekodenttrabzon.com\/en\/wp-json\/wp\/v2\/media?parent=2076"}],"curies":[{"name":"wp","href":"https:\/\/api.w.org\/{rel}","templated":true}]}}