{"id":2077,"date":"2022-12-20T08:08:37","date_gmt":"2022-12-20T08:08:37","guid":{"rendered":"https:\/\/dekodenttrabzon.com\/our-team\/dr-dt-hasan-alp-2\/"},"modified":"2023-08-17T10:12:31","modified_gmt":"2023-08-17T10:12:31","slug":"dr-dt-hasan-alp-2","status":"publish","type":"page","link":"https:\/\/dekodenttrabzon.com\/en\/our-team\/dr-dt-hasan-alp-2\/","title":{"rendered":"Dr. Dt. Hasan ALP"},"content":{"rendered":"\t\t<div data-elementor-type=\"wp-page\" data-elementor-id=\"2077\" class=\"elementor elementor-2077 elementor-967\" data-elementor-post-type=\"page\">\n\t\t\t\t\t\t\t\t\t<section class=\"elementor-section elementor-top-section elementor-element elementor-element-d432bfa elementor-section-boxed elementor-section-height-default elementor-section-height-default\" data-id=\"d432bfa\" data-element_type=\"section\">\n\t\t\t\t\t\t<div class=\"elementor-container elementor-column-gap-default\">\n\t\t\t\t\t<div class=\"elementor-column elementor-col-100 elementor-top-column elementor-element elementor-element-681f7bf\" data-id=\"681f7bf\" data-element_type=\"column\">\n\t\t\t<div class=\"elementor-widget-wrap elementor-element-populated\">\n\t\t\t\t\t\t\t\t<div class=\"elementor-element elementor-element-41aed66 elementor-widget elementor-widget-html\" data-id=\"41aed66\" data-element_type=\"widget\" data-widget_type=\"html.default\">\n\t\t\t\t<div class=\"elementor-widget-container\">\n\t\t\t<H1>Dr. Dt. Hasan ALP<\/H1>\t\t<\/div>\n\t\t\t\t<\/div>\n\t\t\t\t\t<\/div>\n\t\t<\/div>\n\t\t\t\t\t\t\t<\/div>\n\t\t<\/section>\n\t\t\t\t<section class=\"elementor-section elementor-top-section elementor-element elementor-element-6c2692a9 elementor-section-boxed elementor-section-height-default elementor-section-height-default\" data-id=\"6c2692a9\" data-element_type=\"section\">\n\t\t\t\t\t\t<div class=\"elementor-container elementor-column-gap-default\">\n\t\t\t\t\t<div class=\"elementor-column elementor-col-100 elementor-top-column elementor-element elementor-element-3ebaf9ce\" data-id=\"3ebaf9ce\" data-element_type=\"column\">\n\t\t\t<div class=\"elementor-widget-wrap elementor-element-populated\">\n\t\t\t\t\t\t\t\t<div class=\"elementor-element elementor-element-2036526 elementor-widget elementor-widget-text-editor\" data-id=\"2036526\" data-element_type=\"widget\" data-widget_type=\"text-editor.default\">\n\t\t\t\t<div class=\"elementor-widget-container\">\n\t\t\t<style>\/*! elementor - v3.17.0 - 01-11-2023 *\/\n.elementor-widget-text-editor.elementor-drop-cap-view-stacked .elementor-drop-cap{background-color:#69727d;color:#fff}.elementor-widget-text-editor.elementor-drop-cap-view-framed .elementor-drop-cap{color:#69727d;border:3px solid;background-color:transparent}.elementor-widget-text-editor:not(.elementor-drop-cap-view-default) .elementor-drop-cap{margin-top:8px}.elementor-widget-text-editor:not(.elementor-drop-cap-view-default) .elementor-drop-cap-letter{width:1em;height:1em}.elementor-widget-text-editor .elementor-drop-cap{float:left;text-align:center;line-height:1;font-size:50px}.elementor-widget-text-editor .elementor-drop-cap-letter{display:inline-block}<\/style>\t\t\t\t<figure id=\"attachment_729\" aria-describedby=\"caption-attachment-729\" style=\"width: 226px\" class=\"wp-caption alignleft\"><img loading=\"lazy\" decoding=\"async\" class=\"wp-image-729 size-medium\" src=\"https:\/\/dekodenttrabzon.com\/wp-content\/uploads\/2022\/08\/Dr.Dt_.-Hasan-ALP-226x300.jpg\" alt=\"Dr. Dt. Hasan ALP\" width=\"226\" height=\"300\" srcset=\"https:\/\/dekodenttrabzon.com\/wp-content\/uploads\/2022\/08\/Dr.Dt_.-Hasan-ALP-226x300.jpg 226w, https:\/\/dekodenttrabzon.com\/wp-content\/uploads\/2022\/08\/Dr.Dt_.-Hasan-ALP-770x1024.jpg 770w, https:\/\/dekodenttrabzon.com\/wp-content\/uploads\/2022\/08\/Dr.Dt_.-Hasan-ALP-768x1021.jpg 768w, https:\/\/dekodenttrabzon.com\/wp-content\/uploads\/2022\/08\/Dr.Dt_.-Hasan-ALP-1155x1536.jpg 1155w, https:\/\/dekodenttrabzon.com\/wp-content\/uploads\/2022\/08\/Dr.Dt_.-Hasan-ALP-1540x2048.jpg 1540w, https:\/\/dekodenttrabzon.com\/wp-content\/uploads\/2022\/08\/Dr.Dt_.-Hasan-ALP-scaled.jpg 1925w\" sizes=\"auto, (max-width: 226px) 100vw, 226px\" \/><figcaption id=\"caption-attachment-729\" class=\"wp-caption-text\">Dr. Dt. Hasan ALP<\/figcaption><\/figure>\n<div>He was born in 1984 in Trabzon. After graduating from Ankara University Faculty of Dentistry in 2007, he started his specialization and doctorate education in the Department of Oral and Maxillofacial Surgery in the same term. He successfully completed his doctorate and specialization in 2013. Between 2007-2019, she worked in private clinics in Istanbul and Ankara. He worked at Trabzon Oral and Dental Health Hospital between 2019-2022. As of June 2022, he has been working at the Private DEKODENT Oral and Dental Health Polyclinic, of which he is the founding partner. He has posters and articles published in domestic and foreign journals. Dental implantology, impacted dental surgery, jaw cysts are his areas of interest.<br><\/div>\t\t\t\t\t\t<\/div>\n\t\t\t\t<\/div>\n\t\t\t\t\t<\/div>\n\t\t<\/div>\n\t\t\t\t\t\t\t<\/div>\n\t\t<\/section>\n\t\t\t\t<section class=\"elementor-section elementor-top-section elementor-element elementor-element-a61fb0d elementor-section-boxed elementor-section-height-default elementor-section-height-default\" data-id=\"a61fb0d\" data-element_type=\"section\">\n\t\t\t\t\t\t<div class=\"elementor-container elementor-column-gap-default\">\n\t\t\t\t\t<div class=\"elementor-column elementor-col-100 elementor-top-column elementor-element elementor-element-95fb3c2\" data-id=\"95fb3c2\" data-element_type=\"column\">\n\t\t\t<div class=\"elementor-widget-wrap elementor-element-populated\">\n\t\t\t\t\t\t\t\t<div class=\"elementor-element elementor-element-2d90656 elementor-widget elementor-widget-html\" data-id=\"2d90656\" data-element_type=\"widget\" data-widget_type=\"html.default\">\n\t\t\t\t<div class=\"elementor-widget-container\">\n\t\t\t<a id=\"zl-url\" class=\"zl-url\" href=\"https:\/\/www.doktortakvimi.com\/hasan-alp-2\/dis-hekimi-agiz-dis-ve-cene-cerrahisi\/trabzon\" rel=\"nofollow\" data-zlw-doctor=\"hasan-alp-2\" data-zlw-type=\"big\" data-zlw-opinion=\"false\" data-zlw-hide-branding=\"true\">hasan-alp-2 - DoktorTakvimi.com<\/a><script>!function($_x,_s,id){var js,fjs=$_x.getElementsByTagName(_s)[0];if(!$_x.getElementById(id)){js = $_x.createElement(_s);js.id = id;js.src = \"\/\/www.docplanner-platform.com\/js\/widget.js\";fjs.parentNode.insertBefore(js,fjs);}}(document,\"script\",\"zl-widget-s\");<\/script>\r\n\t\t<\/div>\n\t\t\t\t<\/div>\n\t\t\t\t\t<\/div>\n\t\t<\/div>\n\t\t\t\t\t\t\t<\/div>\n\t\t<\/section>\n\t\t\t\t\t\t\t<\/div>\n\t\t","protected":false},"excerpt":{"rendered":"<p>Dr. Dt. Hasan ALP He was born in 1984 in Trabzon. After graduating from Ankara University Faculty of Dentistry in 2007, he started his specialization and doctorate education in the Department of Oral and Maxillofacial Surgery in the same term. He successfully completed his doctorate and specialization in 2013. Between 2007-2019, she worked in private clinics in Istanbul and Ankara&#8230;.<\/p>\n","protected":false},"author":1,"featured_media":0,"parent":2021,"menu_order":0,"comment_status":"closed","ping_status":"closed","template":"page-templates\/full-width-container.php","meta":{"footnotes":""},"class_list":["post-2077","page","type-page","status-publish","hentry"],"yoast_head":"<!-- This site is optimized with the Yoast SEO plugin v21.5 - https:\/\/yoast.com\/wordpress\/plugins\/seo\/ -->\n<title>Dr. Dt. Hasan ALP - Dekodent<\/title>\n<meta name=\"description\" content=\"Dr. Dt. Hasan ALP accepts patients in Private Dekodent Oral and Dental Health Center. Click for Appointments and Questions!\" \/>\n<meta name=\"robots\" content=\"index, follow, max-snippet:-1, max-image-preview:large, max-video-preview:-1\" \/>\n<link rel=\"canonical\" href=\"https:\/\/dekodenttrabzon.com\/en\/our-team\/dr-dt-hasan-alp-2\/\" \/>\n<meta property=\"og:locale\" content=\"en_US\" \/>\n<meta property=\"og:type\" content=\"article\" \/>\n<meta property=\"og:title\" content=\"Dr. Dt. Hasan ALP - Dekodent\" \/>\n<meta property=\"og:description\" content=\"Dr. Dt. Hasan ALP accepts patients in Private Dekodent Oral and Dental Health Center. Click for Appointments and Questions!\" \/>\n<meta property=\"og:url\" content=\"https:\/\/dekodenttrabzon.com\/en\/our-team\/dr-dt-hasan-alp-2\/\" \/>\n<meta property=\"og:site_name\" content=\"Dekodent\" \/>\n<meta property=\"article:modified_time\" content=\"2023-08-17T10:12:31+00:00\" \/>\n<meta property=\"og:image\" content=\"https:\/\/dekodenttrabzon.com\/wp-content\/uploads\/2022\/08\/Dr.Dt_.-Hasan-ALP-226x300.jpg\" \/>\n<meta name=\"twitter:card\" content=\"summary_large_image\" \/>\n<meta name=\"twitter:label1\" content=\"Est. reading time\" \/>\n\t<meta name=\"twitter:data1\" content=\"1 minute\" \/>\n<script type=\"application\/ld+json\" class=\"yoast-schema-graph\">{\"@context\":\"https:\/\/schema.org\",\"@graph\":[{\"@type\":\"WebPage\",\"@id\":\"https:\/\/dekodenttrabzon.com\/en\/our-team\/dr-dt-hasan-alp-2\/\",\"url\":\"https:\/\/dekodenttrabzon.com\/en\/our-team\/dr-dt-hasan-alp-2\/\",\"name\":\"Dr. Dt. Hasan ALP - Dekodent\",\"isPartOf\":{\"@id\":\"https:\/\/dekodenttrabzon.com\/#website\"},\"datePublished\":\"2022-12-20T08:08:37+00:00\",\"dateModified\":\"2023-08-17T10:12:31+00:00\",\"description\":\"Dr. Dt. Hasan ALP accepts patients in Private Dekodent Oral and Dental Health Center. Click for Appointments and Questions!\",\"breadcrumb\":{\"@id\":\"https:\/\/dekodenttrabzon.com\/en\/our-team\/dr-dt-hasan-alp-2\/#breadcrumb\"},\"inLanguage\":\"en-US\",\"potentialAction\":[{\"@type\":\"ReadAction\",\"target\":[\"https:\/\/dekodenttrabzon.com\/en\/our-team\/dr-dt-hasan-alp-2\/\"]}]},{\"@type\":\"BreadcrumbList\",\"@id\":\"https:\/\/dekodenttrabzon.com\/en\/our-team\/dr-dt-hasan-alp-2\/#breadcrumb\",\"itemListElement\":[{\"@type\":\"ListItem\",\"position\":1,\"name\":\"Home\",\"item\":\"https:\/\/dekodenttrabzon.com\/en\/\"},{\"@type\":\"ListItem\",\"position\":2,\"name\":\"Our Team\",\"item\":\"https:\/\/dekodenttrabzon.com\/en\/our-team\/\"},{\"@type\":\"ListItem\",\"position\":3,\"name\":\"Dr. Dt. Hasan ALP\"}]},{\"@type\":\"WebSite\",\"@id\":\"https:\/\/dekodenttrabzon.com\/#website\",\"url\":\"https:\/\/dekodenttrabzon.com\/\",\"name\":\"Dekodent\",\"description\":\"Dekodent Trabzon A\u011f\u0131z ve Di\u015f Sa\u011fl\u0131\u011f\u0131 Merkezi\",\"publisher\":{\"@id\":\"https:\/\/dekodenttrabzon.com\/#organization\"},\"potentialAction\":[{\"@type\":\"SearchAction\",\"target\":{\"@type\":\"EntryPoint\",\"urlTemplate\":\"https:\/\/dekodenttrabzon.com\/?s={search_term_string}\"},\"query-input\":\"required name=search_term_string\"}],\"inLanguage\":\"en-US\"},{\"@type\":\"Organization\",\"@id\":\"https:\/\/dekodenttrabzon.com\/#organization\",\"name\":\"Dekodent\",\"url\":\"https:\/\/dekodenttrabzon.com\/\",\"logo\":{\"@type\":\"ImageObject\",\"inLanguage\":\"en-US\",\"@id\":\"https:\/\/dekodenttrabzon.com\/#\/schema\/logo\/image\/\",\"url\":\"https:\/\/dekodenttrabzon.com\/wp-content\/uploads\/2022\/08\/cropped-Dekodent-e1661268809677-1.jpeg\",\"contentUrl\":\"https:\/\/dekodenttrabzon.com\/wp-content\/uploads\/2022\/08\/cropped-Dekodent-e1661268809677-1.jpeg\",\"width\":386,\"height\":195,\"caption\":\"Dekodent\"},\"image\":{\"@id\":\"https:\/\/dekodenttrabzon.com\/#\/schema\/logo\/image\/\"}}]}<\/script>\n<!-- \/ Yoast SEO plugin. -->","yoast_head_json":{"title":"Dr. Dt. Hasan ALP - Dekodent","description":"Dr. Dt. Hasan ALP accepts patients in Private Dekodent Oral and Dental Health Center. Click for Appointments and Questions!","robots":{"index":"index","follow":"follow","max-snippet":"max-snippet:-1","max-image-preview":"max-image-preview:large","max-video-preview":"max-video-preview:-1"},"canonical":"https:\/\/dekodenttrabzon.com\/en\/our-team\/dr-dt-hasan-alp-2\/","og_locale":"en_US","og_type":"article","og_title":"Dr. Dt. Hasan ALP - Dekodent","og_description":"Dr. Dt. Hasan ALP accepts patients in Private Dekodent Oral and Dental Health Center. Click for Appointments and Questions!","og_url":"https:\/\/dekodenttrabzon.com\/en\/our-team\/dr-dt-hasan-alp-2\/","og_site_name":"Dekodent","article_modified_time":"2023-08-17T10:12:31+00:00","og_image":[{"url":"https:\/\/dekodenttrabzon.com\/wp-content\/uploads\/2022\/08\/Dr.Dt_.-Hasan-ALP-226x300.jpg"}],"twitter_card":"summary_large_image","twitter_misc":{"Est. reading time":"1 minute"},"schema":{"@context":"https:\/\/schema.org","@graph":[{"@type":"WebPage","@id":"https:\/\/dekodenttrabzon.com\/en\/our-team\/dr-dt-hasan-alp-2\/","url":"https:\/\/dekodenttrabzon.com\/en\/our-team\/dr-dt-hasan-alp-2\/","name":"Dr. Dt. Hasan ALP - Dekodent","isPartOf":{"@id":"https:\/\/dekodenttrabzon.com\/#website"},"datePublished":"2022-12-20T08:08:37+00:00","dateModified":"2023-08-17T10:12:31+00:00","description":"Dr. Dt. Hasan ALP accepts patients in Private Dekodent Oral and Dental Health Center. Click for Appointments and Questions!","breadcrumb":{"@id":"https:\/\/dekodenttrabzon.com\/en\/our-team\/dr-dt-hasan-alp-2\/#breadcrumb"},"inLanguage":"en-US","potentialAction":[{"@type":"ReadAction","target":["https:\/\/dekodenttrabzon.com\/en\/our-team\/dr-dt-hasan-alp-2\/"]}]},{"@type":"BreadcrumbList","@id":"https:\/\/dekodenttrabzon.com\/en\/our-team\/dr-dt-hasan-alp-2\/#breadcrumb","itemListElement":[{"@type":"ListItem","position":1,"name":"Home","item":"https:\/\/dekodenttrabzon.com\/en\/"},{"@type":"ListItem","position":2,"name":"Our Team","item":"https:\/\/dekodenttrabzon.com\/en\/our-team\/"},{"@type":"ListItem","position":3,"name":"Dr. Dt. Hasan ALP"}]},{"@type":"WebSite","@id":"https:\/\/dekodenttrabzon.com\/#website","url":"https:\/\/dekodenttrabzon.com\/","name":"Dekodent","description":"Dekodent Trabzon A\u011f\u0131z ve Di\u015f Sa\u011fl\u0131\u011f\u0131 Merkezi","publisher":{"@id":"https:\/\/dekodenttrabzon.com\/#organization"},"potentialAction":[{"@type":"SearchAction","target":{"@type":"EntryPoint","urlTemplate":"https:\/\/dekodenttrabzon.com\/?s={search_term_string}"},"query-input":"required name=search_term_string"}],"inLanguage":"en-US"},{"@type":"Organization","@id":"https:\/\/dekodenttrabzon.com\/#organization","name":"Dekodent","url":"https:\/\/dekodenttrabzon.com\/","logo":{"@type":"ImageObject","inLanguage":"en-US","@id":"https:\/\/dekodenttrabzon.com\/#\/schema\/logo\/image\/","url":"https:\/\/dekodenttrabzon.com\/wp-content\/uploads\/2022\/08\/cropped-Dekodent-e1661268809677-1.jpeg","contentUrl":"https:\/\/dekodenttrabzon.com\/wp-content\/uploads\/2022\/08\/cropped-Dekodent-e1661268809677-1.jpeg","width":386,"height":195,"caption":"Dekodent"},"image":{"@id":"https:\/\/dekodenttrabzon.com\/#\/schema\/logo\/image\/"}}]}},"_links":{"self":[{"href":"https:\/\/dekodenttrabzon.com\/en\/wp-json\/wp\/v2\/pages\/2077","targetHints":{"allow":["GET"]}}],"collection":[{"href":"https:\/\/dekodenttrabzon.com\/en\/wp-json\/wp\/v2\/pages"}],"about":[{"href":"https:\/\/dekodenttrabzon.com\/en\/wp-json\/wp\/v2\/types\/page"}],"author":[{"embeddable":true,"href":"https:\/\/dekodenttrabzon.com\/en\/wp-json\/wp\/v2\/users\/1"}],"replies":[{"embeddable":true,"href":"https:\/\/dekodenttrabzon.com\/en\/wp-json\/wp\/v2\/comments?post=2077"}],"version-history":[{"count":4,"href":"https:\/\/dekodenttrabzon.com\/en\/wp-json\/wp\/v2\/pages\/2077\/revisions"}],"predecessor-version":[{"id":2086,"href":"https:\/\/dekodenttrabzon.com\/en\/wp-json\/wp\/v2\/pages\/2077\/revisions\/2086"}],"up":[{"embeddable":true,"href":"https:\/\/dekodenttrabzon.com\/en\/wp-json\/wp\/v2\/pages\/2021"}],"wp:attachment":[{"href":"https:\/\/dekodenttrabzon.com\/en\/wp-json\/wp\/v2\/media?parent=2077"}],"curies":[{"name":"wp","href":"https:\/\/api.w.org\/{rel}","templated":true}]}}