{"id":2078,"date":"2022-12-20T07:55:49","date_gmt":"2022-12-20T07:55:49","guid":{"rendered":"https:\/\/dekodenttrabzon.com\/our-team\/uzm-dt-belgin-yazici-alp\/"},"modified":"2023-08-17T10:15:34","modified_gmt":"2023-08-17T10:15:34","slug":"uzm-dt-belgin-yazici-alp","status":"publish","type":"page","link":"https:\/\/dekodenttrabzon.com\/en\/our-team\/uzm-dt-belgin-yazici-alp\/","title":{"rendered":"Exp. Dt. Belgin YAZICI ALP"},"content":{"rendered":"\t\t<div data-elementor-type=\"wp-page\" data-elementor-id=\"2078\" class=\"elementor elementor-2078 elementor-961\" data-elementor-post-type=\"page\">\n\t\t\t\t\t\t\t\t\t<section class=\"elementor-section elementor-top-section elementor-element elementor-element-f3bfdb7 elementor-section-boxed elementor-section-height-default elementor-section-height-default\" data-id=\"f3bfdb7\" data-element_type=\"section\">\n\t\t\t\t\t\t<div class=\"elementor-container elementor-column-gap-default\">\n\t\t\t\t\t<div class=\"elementor-column elementor-col-100 elementor-top-column elementor-element elementor-element-76bcdc2\" data-id=\"76bcdc2\" data-element_type=\"column\">\n\t\t\t<div class=\"elementor-widget-wrap elementor-element-populated\">\n\t\t\t\t\t\t\t\t<div class=\"elementor-element elementor-element-dec6d06 elementor-widget elementor-widget-html\" data-id=\"dec6d06\" data-element_type=\"widget\" data-widget_type=\"html.default\">\n\t\t\t\t<div class=\"elementor-widget-container\">\n\t\t\t<H1>Exp. Dt. Belgin Alp\u0327<\/H1>\t\t<\/div>\n\t\t\t\t<\/div>\n\t\t\t\t\t<\/div>\n\t\t<\/div>\n\t\t\t\t\t\t\t<\/div>\n\t\t<\/section>\n\t\t\t\t<section class=\"elementor-section elementor-top-section elementor-element elementor-element-531ccc40 elementor-section-boxed elementor-section-height-default elementor-section-height-default\" data-id=\"531ccc40\" data-element_type=\"section\">\n\t\t\t\t\t\t<div class=\"elementor-container elementor-column-gap-default\">\n\t\t\t\t\t<div class=\"elementor-column elementor-col-100 elementor-top-column elementor-element elementor-element-4cd31daf\" data-id=\"4cd31daf\" data-element_type=\"column\">\n\t\t\t<div class=\"elementor-widget-wrap elementor-element-populated\">\n\t\t\t\t\t\t\t\t<div class=\"elementor-element elementor-element-2b5ad42a elementor-widget elementor-widget-text-editor\" data-id=\"2b5ad42a\" data-element_type=\"widget\" data-widget_type=\"text-editor.default\">\n\t\t\t\t<div class=\"elementor-widget-container\">\n\t\t\t<style>\/*! elementor - v3.17.0 - 01-11-2023 *\/\n.elementor-widget-text-editor.elementor-drop-cap-view-stacked .elementor-drop-cap{background-color:#69727d;color:#fff}.elementor-widget-text-editor.elementor-drop-cap-view-framed .elementor-drop-cap{color:#69727d;border:3px solid;background-color:transparent}.elementor-widget-text-editor:not(.elementor-drop-cap-view-default) .elementor-drop-cap{margin-top:8px}.elementor-widget-text-editor:not(.elementor-drop-cap-view-default) .elementor-drop-cap-letter{width:1em;height:1em}.elementor-widget-text-editor .elementor-drop-cap{float:left;text-align:center;line-height:1;font-size:50px}.elementor-widget-text-editor .elementor-drop-cap-letter{display:inline-block}<\/style>\t\t\t\t<figure id=\"attachment_763\" aria-describedby=\"caption-attachment-763\" style=\"width: 226px\" class=\"wp-caption alignleft\"><img loading=\"lazy\" decoding=\"async\" src=\"https:\/\/dekodenttrabzon.com\/wp-content\/uploads\/2022\/08\/Uzm.-Dt.-Belgin-Alp-5-copy-226x300.jpg\" alt=\"Uzm. Dt. Belgin Alp\" width=\"226\" height=\"300\" \/><figcaption id=\"caption-attachment-763\" class=\"wp-caption-text\">Uzm. Dt. Belgin Alp<\/figcaption><\/figure><p>He was born in 1991. He graduated from Karadeniz Technical University Faculty of Dentistry in 2013. He won the Department of Pediatric Dentistry at Marmara University as the 61st in Turkey in 2014 FALL DUS (Exam for Specialization in Dentistry). He successfully completed his specialization in 2018. He worked at Trabzon Oral and Dental Health Hospital between 2018 and 2022. He has scientific articles published in domestic and foreign journals. He has oral and written papers in many national and international congresses. He has been working in Private DEKODENT Oral and Dental Health Polyclinic as of June 2022.<\/p>\t\t\t\t\t\t<\/div>\n\t\t\t\t<\/div>\n\t\t\t\t\t<\/div>\n\t\t<\/div>\n\t\t\t\t\t\t\t<\/div>\n\t\t<\/section>\n\t\t\t\t<section class=\"elementor-section elementor-top-section elementor-element elementor-element-81deae1 elementor-section-boxed elementor-section-height-default elementor-section-height-default\" data-id=\"81deae1\" data-element_type=\"section\">\n\t\t\t\t\t\t<div class=\"elementor-container elementor-column-gap-default\">\n\t\t\t\t\t<div class=\"elementor-column elementor-col-100 elementor-top-column elementor-element elementor-element-aec0385\" data-id=\"aec0385\" data-element_type=\"column\">\n\t\t\t<div class=\"elementor-widget-wrap elementor-element-populated\">\n\t\t\t\t\t\t\t\t<div class=\"elementor-element elementor-element-bb50af7 elementor-widget elementor-widget-html\" data-id=\"bb50af7\" data-element_type=\"widget\" data-widget_type=\"html.default\">\n\t\t\t\t<div class=\"elementor-widget-container\">\n\t\t\t<a id=\"zl-url\" class=\"zl-url\" href=\"https:\/\/www.doktortakvimi.com\/belgin-yazici-alp\/cocuk-dis-hekimligi-pedodonti-dis-hekimi\/trabzon\" rel=\"nofollow\" data-zlw-doctor=\"belgin-yazici-alp\" data-zlw-type=\"big\" data-zlw-opinion=\"false\" data-zlw-hide-branding=\"true\">belgin-yazici-alp - DoktorTakvimi.com<\/a><script>!function($_x,_s,id){var js,fjs=$_x.getElementsByTagName(_s)[0];if(!$_x.getElementById(id)){js = $_x.createElement(_s);js.id = id;js.src = \"\/\/www.docplanner-platform.com\/js\/widget.js\";fjs.parentNode.insertBefore(js,fjs);}}(document,\"script\",\"zl-widget-s\");<\/script>\r\n\t\t<\/div>\n\t\t\t\t<\/div>\n\t\t\t\t\t<\/div>\n\t\t<\/div>\n\t\t\t\t\t\t\t<\/div>\n\t\t<\/section>\n\t\t\t\t\t\t\t<\/div>\n\t\t","protected":false},"excerpt":{"rendered":"<p>Exp. Dt. Belgin Alp\u0327 He was born in 1991. He graduated from Karadeniz Technical University Faculty of Dentistry in 2013. He won the Department of Pediatric Dentistry at Marmara University as the 61st in Turkey in 2014 FALL DUS (Exam for Specialization in Dentistry). He successfully completed his specialization in 2018. He worked at Trabzon Oral and Dental Health Hospital&#8230;<\/p>\n","protected":false},"author":1,"featured_media":0,"parent":2021,"menu_order":0,"comment_status":"closed","ping_status":"closed","template":"page-templates\/full-width-container.php","meta":{"footnotes":""},"class_list":["post-2078","page","type-page","status-publish","hentry"],"yoast_head":"<!-- This site is optimized with the Yoast SEO plugin v21.5 - https:\/\/yoast.com\/wordpress\/plugins\/seo\/ -->\n<title>Exp. Dt. Belgin YAZICI ALP - Dekodent<\/title>\n<meta name=\"description\" content=\"Exp. Dt. Belgin ALP accepts patients at Private Dekodent Oral and Dental Health Center. Click for Appointments and Questions!\" \/>\n<meta name=\"robots\" content=\"index, follow, max-snippet:-1, max-image-preview:large, max-video-preview:-1\" \/>\n<link rel=\"canonical\" href=\"https:\/\/dekodenttrabzon.com\/en\/our-team\/uzm-dt-belgin-yazici-alp\/\" \/>\n<meta property=\"og:locale\" content=\"en_US\" \/>\n<meta property=\"og:type\" content=\"article\" \/>\n<meta property=\"og:title\" content=\"Exp. Dt. Belgin YAZICI ALP - Dekodent\" \/>\n<meta property=\"og:description\" content=\"Exp. Dt. Belgin ALP accepts patients at Private Dekodent Oral and Dental Health Center. Click for Appointments and Questions!\" \/>\n<meta property=\"og:url\" content=\"https:\/\/dekodenttrabzon.com\/en\/our-team\/uzm-dt-belgin-yazici-alp\/\" \/>\n<meta property=\"og:site_name\" content=\"Dekodent\" \/>\n<meta property=\"article:modified_time\" content=\"2023-08-17T10:15:34+00:00\" \/>\n<meta property=\"og:image\" content=\"https:\/\/dekodenttrabzon.com\/wp-content\/uploads\/2022\/08\/Uzm.-Dt.-Belgin-Alp-5-copy-226x300.jpg\" \/>\n<meta name=\"twitter:card\" content=\"summary_large_image\" \/>\n<meta name=\"twitter:label1\" content=\"Est. reading time\" \/>\n\t<meta name=\"twitter:data1\" content=\"1 minute\" \/>\n<script type=\"application\/ld+json\" class=\"yoast-schema-graph\">{\"@context\":\"https:\/\/schema.org\",\"@graph\":[{\"@type\":\"WebPage\",\"@id\":\"https:\/\/dekodenttrabzon.com\/en\/our-team\/uzm-dt-belgin-yazici-alp\/\",\"url\":\"https:\/\/dekodenttrabzon.com\/en\/our-team\/uzm-dt-belgin-yazici-alp\/\",\"name\":\"Exp. Dt. Belgin YAZICI ALP - Dekodent\",\"isPartOf\":{\"@id\":\"https:\/\/dekodenttrabzon.com\/#website\"},\"datePublished\":\"2022-12-20T07:55:49+00:00\",\"dateModified\":\"2023-08-17T10:15:34+00:00\",\"description\":\"Exp. Dt. Belgin ALP accepts patients at Private Dekodent Oral and Dental Health Center. Click for Appointments and Questions!\",\"breadcrumb\":{\"@id\":\"https:\/\/dekodenttrabzon.com\/en\/our-team\/uzm-dt-belgin-yazici-alp\/#breadcrumb\"},\"inLanguage\":\"en-US\",\"potentialAction\":[{\"@type\":\"ReadAction\",\"target\":[\"https:\/\/dekodenttrabzon.com\/en\/our-team\/uzm-dt-belgin-yazici-alp\/\"]}]},{\"@type\":\"BreadcrumbList\",\"@id\":\"https:\/\/dekodenttrabzon.com\/en\/our-team\/uzm-dt-belgin-yazici-alp\/#breadcrumb\",\"itemListElement\":[{\"@type\":\"ListItem\",\"position\":1,\"name\":\"Home\",\"item\":\"https:\/\/dekodenttrabzon.com\/en\/\"},{\"@type\":\"ListItem\",\"position\":2,\"name\":\"Our Team\",\"item\":\"https:\/\/dekodenttrabzon.com\/en\/our-team\/\"},{\"@type\":\"ListItem\",\"position\":3,\"name\":\"Exp. Dt. Belgin YAZICI ALP\"}]},{\"@type\":\"WebSite\",\"@id\":\"https:\/\/dekodenttrabzon.com\/#website\",\"url\":\"https:\/\/dekodenttrabzon.com\/\",\"name\":\"Dekodent\",\"description\":\"Dekodent Trabzon A\u011f\u0131z ve Di\u015f Sa\u011fl\u0131\u011f\u0131 Merkezi\",\"publisher\":{\"@id\":\"https:\/\/dekodenttrabzon.com\/#organization\"},\"potentialAction\":[{\"@type\":\"SearchAction\",\"target\":{\"@type\":\"EntryPoint\",\"urlTemplate\":\"https:\/\/dekodenttrabzon.com\/?s={search_term_string}\"},\"query-input\":\"required name=search_term_string\"}],\"inLanguage\":\"en-US\"},{\"@type\":\"Organization\",\"@id\":\"https:\/\/dekodenttrabzon.com\/#organization\",\"name\":\"Dekodent\",\"url\":\"https:\/\/dekodenttrabzon.com\/\",\"logo\":{\"@type\":\"ImageObject\",\"inLanguage\":\"en-US\",\"@id\":\"https:\/\/dekodenttrabzon.com\/#\/schema\/logo\/image\/\",\"url\":\"https:\/\/dekodenttrabzon.com\/wp-content\/uploads\/2022\/08\/cropped-Dekodent-e1661268809677-1.jpeg\",\"contentUrl\":\"https:\/\/dekodenttrabzon.com\/wp-content\/uploads\/2022\/08\/cropped-Dekodent-e1661268809677-1.jpeg\",\"width\":386,\"height\":195,\"caption\":\"Dekodent\"},\"image\":{\"@id\":\"https:\/\/dekodenttrabzon.com\/#\/schema\/logo\/image\/\"}}]}<\/script>\n<!-- \/ Yoast SEO plugin. -->","yoast_head_json":{"title":"Exp. Dt. Belgin YAZICI ALP - Dekodent","description":"Exp. Dt. Belgin ALP accepts patients at Private Dekodent Oral and Dental Health Center. Click for Appointments and Questions!","robots":{"index":"index","follow":"follow","max-snippet":"max-snippet:-1","max-image-preview":"max-image-preview:large","max-video-preview":"max-video-preview:-1"},"canonical":"https:\/\/dekodenttrabzon.com\/en\/our-team\/uzm-dt-belgin-yazici-alp\/","og_locale":"en_US","og_type":"article","og_title":"Exp. Dt. Belgin YAZICI ALP - Dekodent","og_description":"Exp. Dt. Belgin ALP accepts patients at Private Dekodent Oral and Dental Health Center. Click for Appointments and Questions!","og_url":"https:\/\/dekodenttrabzon.com\/en\/our-team\/uzm-dt-belgin-yazici-alp\/","og_site_name":"Dekodent","article_modified_time":"2023-08-17T10:15:34+00:00","og_image":[{"url":"https:\/\/dekodenttrabzon.com\/wp-content\/uploads\/2022\/08\/Uzm.-Dt.-Belgin-Alp-5-copy-226x300.jpg"}],"twitter_card":"summary_large_image","twitter_misc":{"Est. reading time":"1 minute"},"schema":{"@context":"https:\/\/schema.org","@graph":[{"@type":"WebPage","@id":"https:\/\/dekodenttrabzon.com\/en\/our-team\/uzm-dt-belgin-yazici-alp\/","url":"https:\/\/dekodenttrabzon.com\/en\/our-team\/uzm-dt-belgin-yazici-alp\/","name":"Exp. Dt. Belgin YAZICI ALP - Dekodent","isPartOf":{"@id":"https:\/\/dekodenttrabzon.com\/#website"},"datePublished":"2022-12-20T07:55:49+00:00","dateModified":"2023-08-17T10:15:34+00:00","description":"Exp. Dt. Belgin ALP accepts patients at Private Dekodent Oral and Dental Health Center. Click for Appointments and Questions!","breadcrumb":{"@id":"https:\/\/dekodenttrabzon.com\/en\/our-team\/uzm-dt-belgin-yazici-alp\/#breadcrumb"},"inLanguage":"en-US","potentialAction":[{"@type":"ReadAction","target":["https:\/\/dekodenttrabzon.com\/en\/our-team\/uzm-dt-belgin-yazici-alp\/"]}]},{"@type":"BreadcrumbList","@id":"https:\/\/dekodenttrabzon.com\/en\/our-team\/uzm-dt-belgin-yazici-alp\/#breadcrumb","itemListElement":[{"@type":"ListItem","position":1,"name":"Home","item":"https:\/\/dekodenttrabzon.com\/en\/"},{"@type":"ListItem","position":2,"name":"Our Team","item":"https:\/\/dekodenttrabzon.com\/en\/our-team\/"},{"@type":"ListItem","position":3,"name":"Exp. Dt. Belgin YAZICI ALP"}]},{"@type":"WebSite","@id":"https:\/\/dekodenttrabzon.com\/#website","url":"https:\/\/dekodenttrabzon.com\/","name":"Dekodent","description":"Dekodent Trabzon A\u011f\u0131z ve Di\u015f Sa\u011fl\u0131\u011f\u0131 Merkezi","publisher":{"@id":"https:\/\/dekodenttrabzon.com\/#organization"},"potentialAction":[{"@type":"SearchAction","target":{"@type":"EntryPoint","urlTemplate":"https:\/\/dekodenttrabzon.com\/?s={search_term_string}"},"query-input":"required name=search_term_string"}],"inLanguage":"en-US"},{"@type":"Organization","@id":"https:\/\/dekodenttrabzon.com\/#organization","name":"Dekodent","url":"https:\/\/dekodenttrabzon.com\/","logo":{"@type":"ImageObject","inLanguage":"en-US","@id":"https:\/\/dekodenttrabzon.com\/#\/schema\/logo\/image\/","url":"https:\/\/dekodenttrabzon.com\/wp-content\/uploads\/2022\/08\/cropped-Dekodent-e1661268809677-1.jpeg","contentUrl":"https:\/\/dekodenttrabzon.com\/wp-content\/uploads\/2022\/08\/cropped-Dekodent-e1661268809677-1.jpeg","width":386,"height":195,"caption":"Dekodent"},"image":{"@id":"https:\/\/dekodenttrabzon.com\/#\/schema\/logo\/image\/"}}]}},"_links":{"self":[{"href":"https:\/\/dekodenttrabzon.com\/en\/wp-json\/wp\/v2\/pages\/2078","targetHints":{"allow":["GET"]}}],"collection":[{"href":"https:\/\/dekodenttrabzon.com\/en\/wp-json\/wp\/v2\/pages"}],"about":[{"href":"https:\/\/dekodenttrabzon.com\/en\/wp-json\/wp\/v2\/types\/page"}],"author":[{"embeddable":true,"href":"https:\/\/dekodenttrabzon.com\/en\/wp-json\/wp\/v2\/users\/1"}],"replies":[{"embeddable":true,"href":"https:\/\/dekodenttrabzon.com\/en\/wp-json\/wp\/v2\/comments?post=2078"}],"version-history":[{"count":4,"href":"https:\/\/dekodenttrabzon.com\/en\/wp-json\/wp\/v2\/pages\/2078\/revisions"}],"predecessor-version":[{"id":2090,"href":"https:\/\/dekodenttrabzon.com\/en\/wp-json\/wp\/v2\/pages\/2078\/revisions\/2090"}],"up":[{"embeddable":true,"href":"https:\/\/dekodenttrabzon.com\/en\/wp-json\/wp\/v2\/pages\/2021"}],"wp:attachment":[{"href":"https:\/\/dekodenttrabzon.com\/en\/wp-json\/wp\/v2\/media?parent=2078"}],"curies":[{"name":"wp","href":"https:\/\/api.w.org\/{rel}","templated":true}]}}