{"id":2131,"date":"2022-12-22T12:06:58","date_gmt":"2022-12-22T12:06:58","guid":{"rendered":"https:\/\/dekodenttrabzon.com\/services\/gulus-tasarimi\/"},"modified":"2023-08-22T13:59:08","modified_gmt":"2023-08-22T13:59:08","slug":"smile-design","status":"publish","type":"page","link":"https:\/\/dekodenttrabzon.com\/en\/services\/smile-design\/","title":{"rendered":"Smile Design"},"content":{"rendered":"\t\t<div data-elementor-type=\"wp-page\" data-elementor-id=\"2131\" class=\"elementor elementor-2131 elementor-1061\" data-elementor-post-type=\"page\">\n\t\t\t\t\t\t\t\t\t<section class=\"elementor-section elementor-top-section elementor-element elementor-element-2203025a elementor-section-boxed elementor-section-height-default elementor-section-height-default\" data-id=\"2203025a\" data-element_type=\"section\">\n\t\t\t\t\t\t<div class=\"elementor-container elementor-column-gap-default\">\n\t\t\t\t\t<div class=\"elementor-column elementor-col-100 elementor-top-column elementor-element elementor-element-1c78cae4\" data-id=\"1c78cae4\" data-element_type=\"column\">\n\t\t\t<div class=\"elementor-widget-wrap elementor-element-populated\">\n\t\t\t\t\t\t\t\t<div class=\"elementor-element elementor-element-29e5272b elementor-widget elementor-widget-text-editor\" data-id=\"29e5272b\" data-element_type=\"widget\" data-widget_type=\"text-editor.default\">\n\t\t\t\t<div class=\"elementor-widget-container\">\n\t\t\t<style>\/*! elementor - v3.17.0 - 01-11-2023 *\/\n.elementor-widget-text-editor.elementor-drop-cap-view-stacked .elementor-drop-cap{background-color:#69727d;color:#fff}.elementor-widget-text-editor.elementor-drop-cap-view-framed .elementor-drop-cap{color:#69727d;border:3px solid;background-color:transparent}.elementor-widget-text-editor:not(.elementor-drop-cap-view-default) .elementor-drop-cap{margin-top:8px}.elementor-widget-text-editor:not(.elementor-drop-cap-view-default) .elementor-drop-cap-letter{width:1em;height:1em}.elementor-widget-text-editor .elementor-drop-cap{float:left;text-align:center;line-height:1;font-size:50px}.elementor-widget-text-editor .elementor-drop-cap-letter{display:inline-block}<\/style>\t\t\t\t<h1>Smile Design<\/h1><figure id=\"attachment_1106\" aria-describedby=\"caption-attachment-1106\" style=\"width: 640px\" class=\"wp-caption aligncenter\"><img loading=\"lazy\" decoding=\"async\" class=\"wp-image-1106 size-large\" src=\"https:\/\/dekodenttrabzon.com\/wp-content\/uploads\/2022\/12\/gulus-tasarimi-1024x683.jpg\" alt=\"Smile Design\" width=\"640\" height=\"427\" srcset=\"https:\/\/dekodenttrabzon.com\/wp-content\/uploads\/2022\/12\/gulus-tasarimi-1024x683.jpg 1024w, https:\/\/dekodenttrabzon.com\/wp-content\/uploads\/2022\/12\/gulus-tasarimi-300x200.jpg 300w, https:\/\/dekodenttrabzon.com\/wp-content\/uploads\/2022\/12\/gulus-tasarimi-768x512.jpg 768w, https:\/\/dekodenttrabzon.com\/wp-content\/uploads\/2022\/12\/gulus-tasarimi-1536x1024.jpg 1536w, https:\/\/dekodenttrabzon.com\/wp-content\/uploads\/2022\/12\/gulus-tasarimi-600x400.jpg 600w, https:\/\/dekodenttrabzon.com\/wp-content\/uploads\/2022\/12\/gulus-tasarimi.jpg 1920w\" sizes=\"auto, (max-width: 640px) 100vw, 640px\" \/><figcaption id=\"caption-attachment-1106\" class=\"wp-caption-text\">Smile Design<\/figcaption><\/figure><p>Although the first issue that comes to mind when it comes to oral and dental health is dental treatments caused by health problems and tooth loss, smile design has an important place in oral and dental health. All kinds of problems experienced in the mouth can lead to aesthetic losses as well as functional loss. In particular, disorders in the tooth arrangement, gum diseases, tooth loss or changes in tooth color have revealed the need for patients to have an aesthetic smile within the scope of smile design. Aesthetic smile design is completely patient-specific and is carried out taking into account patient expectations and needs. This application, which uses state-of-the-art digital devices, is also called digital smile design. Smile design You can get detailed information about the price and Trabzon smile design service through our communication channels.<\/p><h2>What is Smile Design?<\/h2><p>Today, in addition to functionality, aesthetic appearance has become an important need. For this reason, smile design continues to be one of the most researched topics. So what is smile design? Making the tooth, lip and jaw positions compatible and aesthetic according to various criteria, especially the patient&#8217;s facial structure, during smiling and posture can be defined as smile design. Digital software is used in these applications where a perfect smile is targeted, and the developed design can be shown to the patient before treatment. In this way, a treatment that will make the patient happy is started by obtaining the patient&#8217;s approval. Thanks to digital software, the results before and after smile design meet the patient&#8217;s expectations in the best way. The resulting near-perfect aesthetic smile is also known as the Hollywood smile.<\/p><h2>Treatments Applied in Smile Design<\/h2><p>Hollywood smile aesthetics, which is a holistic approach, aims to eliminate all kinds of problems that bother the patient. In this context, various treatments are applied in oral and dental health, especially for the jaw, teeth and gums. It is possible to list the procedures and treatments applied in smile design as follows;<\/p><ul><li>Determining the smile line and harmonizing the smile with the lips,<\/li><li>Intervention of tooth sizes in response to the problem of misalignment of teeth,<\/li><li>Reducing the ratio of teeth and gums to the ideal level,<\/li><li>Treatment of rotten and broken teeth,<\/li><li>Application of orthodontic treatment for dental distortions,<\/li><li>Strengthening the tooth structure and performing tooth coating procedures.<\/li><\/ul><h2>How is Smile Design Done?<\/h2><p>Patient expectations and needs are determined before aesthetic smile is achieved with digital smile design. During the treatment process to be applied within the scope of these expectations and needs, the doctor&#8217;s recommendation and patient approval are considered together. During the design and implementation process;<\/p><ul><li>First, photos of the patient&#8217;s mouth interior and surroundings are taken in the foreground. Together with the face photos, they are transferred to special programs and the design that is most suitable for the patient is determined based on various criteria in the digital environment.<\/li><li>Dental and gum disorders, if any, are treated.<\/li><li>Intraoral measurements are taken with 3D intraoral scanners. Temporary teeth are prepared for the patient to use until the next session.<\/li><li>In procedures such as zirconium smile design, models specially prepared for the individual are rehearsed. If there are problems caused by the size, minor problems are corrected.<\/li><li>At the last stage, the teeth are given their final shape together with the patient&#8217;s ideas<\/li><li>After the last session, dentist checks are carried out at December intervals.<\/li><\/ul><p>It may attract your attention &gt;&gt; <a href=\"https:\/\/dekodenttrabzon.com\/en\/services\/teeth-whitening\/\"><strong>Teeth Whitening<\/strong><\/a><\/p><h2>What Should Be Considered When Designing a Smile?<\/h2><p>Although it is important to have a healthy mouth and teeth in the design of a digital smile that is directly related to appearance, patient expectations and needs are always taken into account in this process. In particular, all the details are taken together for a perfect smile, which we call aesthetic and Hollywood smile. So what should be taken into account when designing a smile?<\/p><ul><li>The patient&#8217;s facial structure<\/li><li>Personal characteristics such as gender, age, lip structure and lower lip line<\/li><li>Tooth dimensions,<\/li><li>Gum level and gum health<\/li><li>Any bruises, inflammation, etc. inside the mouth. whether there is a problem<\/li><li>Jaw closing or teeth clenching problems<\/li><\/ul><h2>How Long is the Treatment Time in Smile Design?<\/h2><p>One of the aesthetic procedures that has been in vogue in recent years is smile design. It is a comprehensive treatment and the smile design treatment process varies according to the procedures to be applied. Patient complaints, especially patient characteristics, mouth and jaw structure are among the criteria that determine this treatment process. Dec. The treatment process, which varies depending on the treatments to be applied, can be completed between 1 and 15 days on average. Dec. Treatment can be applied on the same day, as well as for more important problems, this period can be prolonged.<\/p><h2>Who Can Smile Design Be Made For?<\/h2><p>The main purpose of smile aesthetics is to provide the patient with a perfect smile that will make him happy and make him feel good while smiling. Problems that disrupt the aesthetics of laughter, especially oral, dental and maxillofacial diseases, are treated and an aesthetic smile is provided. Even if the aesthetic problems experienced by the person do not cause any problems in terms of health, the patient can also have a smile design just to feel good when smiling. Just like almost everyone can choose smile aesthetic treatments, you can contact Dekodent, where <a href=\"https:\/\/dekodenttrabzon.com\/en\/\"><strong>Trabzon dentist<\/strong><\/a> staff is an expert in their field in terms of the treatment process and suitability for treatment.\u00a0<\/p>\t\t\t\t\t\t<\/div>\n\t\t\t\t<\/div>\n\t\t\t\t\t<\/div>\n\t\t<\/div>\n\t\t\t\t\t\t\t<\/div>\n\t\t<\/section>\n\t\t\t\t\t\t\t<\/div>\n\t\t","protected":false},"excerpt":{"rendered":"<p>Smile Design Although the first issue that comes to mind when it comes to oral and dental health is dental treatments caused by health problems and tooth loss, smile design has an important place in oral and dental health. All kinds of problems experienced in the mouth can lead to aesthetic losses as well as functional loss. In particular, disorders&#8230;<\/p>\n","protected":false},"author":1,"featured_media":0,"parent":2020,"menu_order":0,"comment_status":"closed","ping_status":"closed","template":"page-templates\/full-width-container.php","meta":{"footnotes":""},"class_list":["post-2131","page","type-page","status-publish","hentry"],"yoast_head":"<!-- This site is optimized with the Yoast SEO plugin v21.5 - https:\/\/yoast.com\/wordpress\/plugins\/seo\/ -->\n<title>Trabzon Smile Design - Dekodent<\/title>\n<meta name=\"description\" content=\"We are at your service in Trabzon for smile design. Make an appointment now for professional smile design with our specialist physicians!\" \/>\n<meta name=\"robots\" content=\"index, follow, max-snippet:-1, max-image-preview:large, max-video-preview:-1\" \/>\n<link rel=\"canonical\" href=\"https:\/\/dekodenttrabzon.com\/en\/services\/smile-design\/\" \/>\n<meta property=\"og:locale\" content=\"en_US\" \/>\n<meta property=\"og:type\" content=\"article\" \/>\n<meta property=\"og:title\" content=\"Trabzon Smile Design - Dekodent\" \/>\n<meta property=\"og:description\" content=\"We are at your service in Trabzon for smile design. Make an appointment now for professional smile design with our specialist physicians!\" \/>\n<meta property=\"og:url\" content=\"https:\/\/dekodenttrabzon.com\/en\/services\/smile-design\/\" \/>\n<meta property=\"og:site_name\" content=\"Dekodent\" \/>\n<meta property=\"article:modified_time\" content=\"2023-08-22T13:59:08+00:00\" \/>\n<meta property=\"og:image\" content=\"https:\/\/dekodenttrabzon.com\/wp-content\/uploads\/2022\/12\/gulus-tasarimi-1024x683.jpg\" \/>\n<meta name=\"twitter:card\" content=\"summary_large_image\" \/>\n<meta name=\"twitter:label1\" content=\"Est. reading time\" \/>\n\t<meta name=\"twitter:data1\" content=\"5 minutes\" \/>\n<script type=\"application\/ld+json\" class=\"yoast-schema-graph\">{\"@context\":\"https:\/\/schema.org\",\"@graph\":[{\"@type\":\"WebPage\",\"@id\":\"https:\/\/dekodenttrabzon.com\/en\/services\/smile-design\/\",\"url\":\"https:\/\/dekodenttrabzon.com\/en\/services\/smile-design\/\",\"name\":\"Trabzon Smile Design - Dekodent\",\"isPartOf\":{\"@id\":\"https:\/\/dekodenttrabzon.com\/#website\"},\"datePublished\":\"2022-12-22T12:06:58+00:00\",\"dateModified\":\"2023-08-22T13:59:08+00:00\",\"description\":\"We are at your service in Trabzon for smile design. Make an appointment now for professional smile design with our specialist physicians!\",\"breadcrumb\":{\"@id\":\"https:\/\/dekodenttrabzon.com\/en\/services\/smile-design\/#breadcrumb\"},\"inLanguage\":\"en-US\",\"potentialAction\":[{\"@type\":\"ReadAction\",\"target\":[\"https:\/\/dekodenttrabzon.com\/en\/services\/smile-design\/\"]}]},{\"@type\":\"BreadcrumbList\",\"@id\":\"https:\/\/dekodenttrabzon.com\/en\/services\/smile-design\/#breadcrumb\",\"itemListElement\":[{\"@type\":\"ListItem\",\"position\":1,\"name\":\"Home\",\"item\":\"https:\/\/dekodenttrabzon.com\/en\/\"},{\"@type\":\"ListItem\",\"position\":2,\"name\":\"Services\",\"item\":\"https:\/\/dekodenttrabzon.com\/en\/services\/\"},{\"@type\":\"ListItem\",\"position\":3,\"name\":\"Smile Design\"}]},{\"@type\":\"WebSite\",\"@id\":\"https:\/\/dekodenttrabzon.com\/#website\",\"url\":\"https:\/\/dekodenttrabzon.com\/\",\"name\":\"Dekodent\",\"description\":\"Dekodent Trabzon A\u011f\u0131z ve Di\u015f Sa\u011fl\u0131\u011f\u0131 Merkezi\",\"publisher\":{\"@id\":\"https:\/\/dekodenttrabzon.com\/#organization\"},\"potentialAction\":[{\"@type\":\"SearchAction\",\"target\":{\"@type\":\"EntryPoint\",\"urlTemplate\":\"https:\/\/dekodenttrabzon.com\/?s={search_term_string}\"},\"query-input\":\"required name=search_term_string\"}],\"inLanguage\":\"en-US\"},{\"@type\":\"Organization\",\"@id\":\"https:\/\/dekodenttrabzon.com\/#organization\",\"name\":\"Dekodent\",\"url\":\"https:\/\/dekodenttrabzon.com\/\",\"logo\":{\"@type\":\"ImageObject\",\"inLanguage\":\"en-US\",\"@id\":\"https:\/\/dekodenttrabzon.com\/#\/schema\/logo\/image\/\",\"url\":\"https:\/\/dekodenttrabzon.com\/wp-content\/uploads\/2022\/08\/cropped-Dekodent-e1661268809677-1.jpeg\",\"contentUrl\":\"https:\/\/dekodenttrabzon.com\/wp-content\/uploads\/2022\/08\/cropped-Dekodent-e1661268809677-1.jpeg\",\"width\":386,\"height\":195,\"caption\":\"Dekodent\"},\"image\":{\"@id\":\"https:\/\/dekodenttrabzon.com\/#\/schema\/logo\/image\/\"}}]}<\/script>\n<!-- \/ Yoast SEO plugin. -->","yoast_head_json":{"title":"Trabzon Smile Design - Dekodent","description":"We are at your service in Trabzon for smile design. Make an appointment now for professional smile design with our specialist physicians!","robots":{"index":"index","follow":"follow","max-snippet":"max-snippet:-1","max-image-preview":"max-image-preview:large","max-video-preview":"max-video-preview:-1"},"canonical":"https:\/\/dekodenttrabzon.com\/en\/services\/smile-design\/","og_locale":"en_US","og_type":"article","og_title":"Trabzon Smile Design - Dekodent","og_description":"We are at your service in Trabzon for smile design. Make an appointment now for professional smile design with our specialist physicians!","og_url":"https:\/\/dekodenttrabzon.com\/en\/services\/smile-design\/","og_site_name":"Dekodent","article_modified_time":"2023-08-22T13:59:08+00:00","og_image":[{"url":"https:\/\/dekodenttrabzon.com\/wp-content\/uploads\/2022\/12\/gulus-tasarimi-1024x683.jpg"}],"twitter_card":"summary_large_image","twitter_misc":{"Est. reading time":"5 minutes"},"schema":{"@context":"https:\/\/schema.org","@graph":[{"@type":"WebPage","@id":"https:\/\/dekodenttrabzon.com\/en\/services\/smile-design\/","url":"https:\/\/dekodenttrabzon.com\/en\/services\/smile-design\/","name":"Trabzon Smile Design - Dekodent","isPartOf":{"@id":"https:\/\/dekodenttrabzon.com\/#website"},"datePublished":"2022-12-22T12:06:58+00:00","dateModified":"2023-08-22T13:59:08+00:00","description":"We are at your service in Trabzon for smile design. Make an appointment now for professional smile design with our specialist physicians!","breadcrumb":{"@id":"https:\/\/dekodenttrabzon.com\/en\/services\/smile-design\/#breadcrumb"},"inLanguage":"en-US","potentialAction":[{"@type":"ReadAction","target":["https:\/\/dekodenttrabzon.com\/en\/services\/smile-design\/"]}]},{"@type":"BreadcrumbList","@id":"https:\/\/dekodenttrabzon.com\/en\/services\/smile-design\/#breadcrumb","itemListElement":[{"@type":"ListItem","position":1,"name":"Home","item":"https:\/\/dekodenttrabzon.com\/en\/"},{"@type":"ListItem","position":2,"name":"Services","item":"https:\/\/dekodenttrabzon.com\/en\/services\/"},{"@type":"ListItem","position":3,"name":"Smile Design"}]},{"@type":"WebSite","@id":"https:\/\/dekodenttrabzon.com\/#website","url":"https:\/\/dekodenttrabzon.com\/","name":"Dekodent","description":"Dekodent Trabzon A\u011f\u0131z ve Di\u015f Sa\u011fl\u0131\u011f\u0131 Merkezi","publisher":{"@id":"https:\/\/dekodenttrabzon.com\/#organization"},"potentialAction":[{"@type":"SearchAction","target":{"@type":"EntryPoint","urlTemplate":"https:\/\/dekodenttrabzon.com\/?s={search_term_string}"},"query-input":"required name=search_term_string"}],"inLanguage":"en-US"},{"@type":"Organization","@id":"https:\/\/dekodenttrabzon.com\/#organization","name":"Dekodent","url":"https:\/\/dekodenttrabzon.com\/","logo":{"@type":"ImageObject","inLanguage":"en-US","@id":"https:\/\/dekodenttrabzon.com\/#\/schema\/logo\/image\/","url":"https:\/\/dekodenttrabzon.com\/wp-content\/uploads\/2022\/08\/cropped-Dekodent-e1661268809677-1.jpeg","contentUrl":"https:\/\/dekodenttrabzon.com\/wp-content\/uploads\/2022\/08\/cropped-Dekodent-e1661268809677-1.jpeg","width":386,"height":195,"caption":"Dekodent"},"image":{"@id":"https:\/\/dekodenttrabzon.com\/#\/schema\/logo\/image\/"}}]}},"_links":{"self":[{"href":"https:\/\/dekodenttrabzon.com\/en\/wp-json\/wp\/v2\/pages\/2131","targetHints":{"allow":["GET"]}}],"collection":[{"href":"https:\/\/dekodenttrabzon.com\/en\/wp-json\/wp\/v2\/pages"}],"about":[{"href":"https:\/\/dekodenttrabzon.com\/en\/wp-json\/wp\/v2\/types\/page"}],"author":[{"embeddable":true,"href":"https:\/\/dekodenttrabzon.com\/en\/wp-json\/wp\/v2\/users\/1"}],"replies":[{"embeddable":true,"href":"https:\/\/dekodenttrabzon.com\/en\/wp-json\/wp\/v2\/comments?post=2131"}],"version-history":[{"count":4,"href":"https:\/\/dekodenttrabzon.com\/en\/wp-json\/wp\/v2\/pages\/2131\/revisions"}],"predecessor-version":[{"id":2152,"href":"https:\/\/dekodenttrabzon.com\/en\/wp-json\/wp\/v2\/pages\/2131\/revisions\/2152"}],"up":[{"embeddable":true,"href":"https:\/\/dekodenttrabzon.com\/en\/wp-json\/wp\/v2\/pages\/2020"}],"wp:attachment":[{"href":"https:\/\/dekodenttrabzon.com\/en\/wp-json\/wp\/v2\/media?parent=2131"}],"curies":[{"name":"wp","href":"https:\/\/api.w.org\/{rel}","templated":true}]}}