{"id":2135,"date":"2022-12-22T11:41:01","date_gmt":"2022-12-22T11:41:01","guid":{"rendered":"https:\/\/dekodenttrabzon.com\/services\/periodontoloji\/"},"modified":"2023-08-22T14:56:57","modified_gmt":"2023-08-22T14:56:57","slug":"peridontology","status":"publish","type":"page","link":"https:\/\/dekodenttrabzon.com\/en\/services\/peridontology\/","title":{"rendered":"Peridontology"},"content":{"rendered":"\t\t<div data-elementor-type=\"wp-page\" data-elementor-id=\"2135\" class=\"elementor elementor-2135 elementor-1039\" data-elementor-post-type=\"page\">\n\t\t\t\t\t\t\t\t\t<section class=\"elementor-section elementor-top-section elementor-element elementor-element-14b2c308 elementor-section-boxed elementor-section-height-default elementor-section-height-default\" data-id=\"14b2c308\" data-element_type=\"section\">\n\t\t\t\t\t\t<div class=\"elementor-container elementor-column-gap-default\">\n\t\t\t\t\t<div class=\"elementor-column elementor-col-100 elementor-top-column elementor-element elementor-element-c4b8c6\" data-id=\"c4b8c6\" data-element_type=\"column\">\n\t\t\t<div class=\"elementor-widget-wrap elementor-element-populated\">\n\t\t\t\t\t\t\t\t<div class=\"elementor-element elementor-element-7fc51287 elementor-widget elementor-widget-text-editor\" data-id=\"7fc51287\" data-element_type=\"widget\" data-widget_type=\"text-editor.default\">\n\t\t\t\t<div class=\"elementor-widget-container\">\n\t\t\t<style>\/*! elementor - v3.17.0 - 01-11-2023 *\/\n.elementor-widget-text-editor.elementor-drop-cap-view-stacked .elementor-drop-cap{background-color:#69727d;color:#fff}.elementor-widget-text-editor.elementor-drop-cap-view-framed .elementor-drop-cap{color:#69727d;border:3px solid;background-color:transparent}.elementor-widget-text-editor:not(.elementor-drop-cap-view-default) .elementor-drop-cap{margin-top:8px}.elementor-widget-text-editor:not(.elementor-drop-cap-view-default) .elementor-drop-cap-letter{width:1em;height:1em}.elementor-widget-text-editor .elementor-drop-cap{float:left;text-align:center;line-height:1;font-size:50px}.elementor-widget-text-editor .elementor-drop-cap-letter{display:inline-block}<\/style>\t\t\t\t<h1>Peridontology<\/h1><figure id=\"attachment_1173\" aria-describedby=\"caption-attachment-1173\" style=\"width: 640px\" class=\"wp-caption aligncenter\"><img loading=\"lazy\" decoding=\"async\" class=\"size-large wp-image-1173\" src=\"https:\/\/dekodenttrabzon.com\/wp-content\/uploads\/2022\/12\/periodontoloji-1024x683.jpg\" alt=\"Periodontoloji\" width=\"640\" height=\"427\" srcset=\"https:\/\/dekodenttrabzon.com\/wp-content\/uploads\/2022\/12\/periodontoloji-1024x683.jpg 1024w, https:\/\/dekodenttrabzon.com\/wp-content\/uploads\/2022\/12\/periodontoloji-300x200.jpg 300w, https:\/\/dekodenttrabzon.com\/wp-content\/uploads\/2022\/12\/periodontoloji-768x512.jpg 768w, https:\/\/dekodenttrabzon.com\/wp-content\/uploads\/2022\/12\/periodontoloji-1536x1024.jpg 1536w, https:\/\/dekodenttrabzon.com\/wp-content\/uploads\/2022\/12\/periodontoloji-600x400.jpg 600w, https:\/\/dekodenttrabzon.com\/wp-content\/uploads\/2022\/12\/periodontoloji.jpg 1920w\" sizes=\"auto, (max-width: 640px) 100vw, 640px\" \/><figcaption id=\"caption-attachment-1173\" class=\"wp-caption-text\">Periodontoloji<\/figcaption><\/figure><p>There are soft and hard tissues around the tooth, and these tissues are extremely important for oral and dental health. In these tissues, which may be directly related to general body health, some problems are encountered due to many reasons. In this context, Periodontology deals with diseases encountered in the tissues around the tooth, as it is known, in the gums and tooth roots.<\/p><p>If the inflammation in the teeth or gums progresses, serious problems may be encountered, leading to tooth loss. For this reason, you should take it seriously as soon as you first encounter the symptoms of gum disease and make an appointment for the gum disease department as soon as possible. For more detailed information and periodontology prices, you can create an online appointment via the contact addresses of Dekodent, which provides Trabzon Periodontology services.\u00a0<\/p><p>Suggestion : <a href=\"https:\/\/dekodenttrabzon.com\/en\/\"><strong>Trabzon Dental Clinic<\/strong><\/a><\/p><h2>What is Periodontology?<\/h2><p>The branch of dentistry that deals with the health and disease conditions of the teeth and the tissues surrounding the tooth is called \u2018Periodontology\u2019. What is periodontology? besides your problem, what does periodontology do? the question is also being investigated by patients. Periodontology, which covers a wide area from simple gingivitis to more advanced gum problems, deals with tooth roots and bones around the tooth, especially the soft and hard tissues around the tooth. People who perform treatment as specialists in this field are called periodontists.<\/p><p>In order for you to have healthy teeth and gums, the gum department helps you with periodontology treatment for problems that reduce your quality of life. In general, it focuses on the detection and treatment of diseases that may endanger oral and dental health. However, preventive treatments for tooth loss are applied.<\/p><p>Advice &gt;&gt; <a href=\"https:\/\/dekodenttrabzon.com\/en\/services\/pedodontics\/\"><strong>Pedodontics<\/strong><\/a><\/p><h2>Symptoms of Gum Disease<\/h2><p>Oral and dental health problems, which are felt especially when performing basic life functions such as eating, drinking or talking, negatively affect a person&#8217;s quality of life. One of the first symptoms encountered is bleeding in the gums. In addition, changes in the color of the gums that turn red or purple can be an important harbinger of disease. In October, the most common symptoms of Decongestant gum disease are among;<\/p><ul><li>Withdrawal in the gums and sensitivity in exposed tooth roots,<\/li><li>Lengthening of the teeth or starting to shake,<\/li><li>Red, shiny and itchy gums,<\/li><li>Swelling and abscess formation in the gums,<\/li><li>Inflammation from between the teeth and Decongestants,<\/li><li>Formation of bad smell and taste in the mouth,<\/li><\/ul><p>we can count such symptoms. The main problems that cause us to experience these symptoms are as follows;<\/p><ul><li>Not cleaning the teeth regularly<\/li><li>Bacterial plaques<\/li><li>Stress<\/li><li>Improper nutrition<\/li><li>Various diseases and drug use<\/li><li>Excessive smoking and alcohol use<\/li><\/ul><h2>How Long Does Periodontology Treatment Take?<\/h2><p>The duration of treatment for gum diseases varies depending on issues such as early diagnosis, the treatment method applied and treatment follow-up. According to the condition of the disease, the specialist dentist informs the patient about the treatment process and specifies the patient-specific treatment process and treatment duration.<\/p><p>The treatments performed by a periodontologist are divided into surgical treatments and non-surgical treatments. The duration of periodontology treatment varies according to the steps that will be applied during the treatment process. Periodontology procedures such as dental calculus cleaning are included in the scope of non-surgical procedures, while in addition to these, many surgical procedures are performed with local anesthesia.<\/p><h2>How About Periodontology Treatment?<\/h2><p>The treatments applied to restore the oral and dental health of the patient vary depending on the patients and the state of the disease. The treatment process in Trabzon periodontology services is divided into certain steps.\u00a0<\/p><ol><li>Diagnosis of the Disease: The first and most important stage is the correct diagnosis of the disease. An accurate diagnosis for the disease is made with preliminary information, clinical examination and various evaluations.<\/li><li>Professional Cleaning: Professional cleaning is provided with the latest technology devices and the teeth are completely cleaned. Polishing process can also be performed at this stage.<\/li><li>Antibiotic Treatment: Antibiotic use may be required for diseases with gum infection. Antibiotics may be initiated to support treatment at this stage.<\/li><li>Surgical Treatment: Surgical treatment is performed in advanced cases. With these treatments performed with general or local anesthesia, the roots, bone surfaces and gums are cleared of inflammation.<\/li><li>Complementary and Supportive Treatment: Complementary and supportive treatment is provided with controls performed at 3 or 6-month periods.<\/li><\/ol>\t\t\t\t\t\t<\/div>\n\t\t\t\t<\/div>\n\t\t\t\t\t<\/div>\n\t\t<\/div>\n\t\t\t\t\t\t\t<\/div>\n\t\t<\/section>\n\t\t\t\t\t\t\t<\/div>\n\t\t","protected":false},"excerpt":{"rendered":"<p>Peridontology There are soft and hard tissues around the tooth, and these tissues are extremely important for oral and dental health. In these tissues, which may be directly related to general body health, some problems are encountered due to many reasons. In this context, Periodontology deals with diseases encountered in the tissues around the tooth, as it is known, in&#8230;<\/p>\n","protected":false},"author":1,"featured_media":0,"parent":2020,"menu_order":0,"comment_status":"closed","ping_status":"closed","template":"page-templates\/full-width-container.php","meta":{"footnotes":""},"class_list":["post-2135","page","type-page","status-publish","hentry"],"yoast_head":"<!-- This site is optimized with the Yoast SEO plugin v21.5 - https:\/\/yoast.com\/wordpress\/plugins\/seo\/ -->\n<title>Trabzon Peridontology (Gum Treatment) - Dekodent<\/title>\n<meta name=\"description\" content=\"We are waiting for you at Dekodent dental clinic to get support from specialist physicians in Trabzon periodontology (gingival treatment)!\" \/>\n<meta name=\"robots\" content=\"index, follow, max-snippet:-1, max-image-preview:large, max-video-preview:-1\" \/>\n<link rel=\"canonical\" href=\"https:\/\/dekodenttrabzon.com\/en\/services\/peridontology\/\" \/>\n<meta property=\"og:locale\" content=\"en_US\" \/>\n<meta property=\"og:type\" content=\"article\" \/>\n<meta property=\"og:title\" content=\"Trabzon Peridontology (Gum Treatment) - Dekodent\" \/>\n<meta property=\"og:description\" content=\"We are waiting for you at Dekodent dental clinic to get support from specialist physicians in Trabzon periodontology (gingival treatment)!\" \/>\n<meta property=\"og:url\" content=\"https:\/\/dekodenttrabzon.com\/en\/services\/peridontology\/\" \/>\n<meta property=\"og:site_name\" content=\"Dekodent\" \/>\n<meta property=\"article:modified_time\" content=\"2023-08-22T14:56:57+00:00\" \/>\n<meta property=\"og:image\" content=\"https:\/\/dekodenttrabzon.com\/wp-content\/uploads\/2022\/12\/periodontoloji-1024x683.jpg\" \/>\n<meta name=\"twitter:card\" content=\"summary_large_image\" \/>\n<meta name=\"twitter:label1\" content=\"Est. reading time\" \/>\n\t<meta name=\"twitter:data1\" content=\"4 minutes\" \/>\n<script type=\"application\/ld+json\" class=\"yoast-schema-graph\">{\"@context\":\"https:\/\/schema.org\",\"@graph\":[{\"@type\":\"WebPage\",\"@id\":\"https:\/\/dekodenttrabzon.com\/en\/services\/peridontology\/\",\"url\":\"https:\/\/dekodenttrabzon.com\/en\/services\/peridontology\/\",\"name\":\"Trabzon Peridontology (Gum Treatment) - Dekodent\",\"isPartOf\":{\"@id\":\"https:\/\/dekodenttrabzon.com\/#website\"},\"datePublished\":\"2022-12-22T11:41:01+00:00\",\"dateModified\":\"2023-08-22T14:56:57+00:00\",\"description\":\"We are waiting for you at Dekodent dental clinic to get support from specialist physicians in Trabzon periodontology (gingival treatment)!\",\"breadcrumb\":{\"@id\":\"https:\/\/dekodenttrabzon.com\/en\/services\/peridontology\/#breadcrumb\"},\"inLanguage\":\"en-US\",\"potentialAction\":[{\"@type\":\"ReadAction\",\"target\":[\"https:\/\/dekodenttrabzon.com\/en\/services\/peridontology\/\"]}]},{\"@type\":\"BreadcrumbList\",\"@id\":\"https:\/\/dekodenttrabzon.com\/en\/services\/peridontology\/#breadcrumb\",\"itemListElement\":[{\"@type\":\"ListItem\",\"position\":1,\"name\":\"Home\",\"item\":\"https:\/\/dekodenttrabzon.com\/en\/\"},{\"@type\":\"ListItem\",\"position\":2,\"name\":\"Services\",\"item\":\"https:\/\/dekodenttrabzon.com\/en\/services\/\"},{\"@type\":\"ListItem\",\"position\":3,\"name\":\"Peridontology\"}]},{\"@type\":\"WebSite\",\"@id\":\"https:\/\/dekodenttrabzon.com\/#website\",\"url\":\"https:\/\/dekodenttrabzon.com\/\",\"name\":\"Dekodent\",\"description\":\"Dekodent Trabzon A\u011f\u0131z ve Di\u015f Sa\u011fl\u0131\u011f\u0131 Merkezi\",\"publisher\":{\"@id\":\"https:\/\/dekodenttrabzon.com\/#organization\"},\"potentialAction\":[{\"@type\":\"SearchAction\",\"target\":{\"@type\":\"EntryPoint\",\"urlTemplate\":\"https:\/\/dekodenttrabzon.com\/?s={search_term_string}\"},\"query-input\":\"required name=search_term_string\"}],\"inLanguage\":\"en-US\"},{\"@type\":\"Organization\",\"@id\":\"https:\/\/dekodenttrabzon.com\/#organization\",\"name\":\"Dekodent\",\"url\":\"https:\/\/dekodenttrabzon.com\/\",\"logo\":{\"@type\":\"ImageObject\",\"inLanguage\":\"en-US\",\"@id\":\"https:\/\/dekodenttrabzon.com\/#\/schema\/logo\/image\/\",\"url\":\"https:\/\/dekodenttrabzon.com\/wp-content\/uploads\/2022\/08\/cropped-Dekodent-e1661268809677-1.jpeg\",\"contentUrl\":\"https:\/\/dekodenttrabzon.com\/wp-content\/uploads\/2022\/08\/cropped-Dekodent-e1661268809677-1.jpeg\",\"width\":386,\"height\":195,\"caption\":\"Dekodent\"},\"image\":{\"@id\":\"https:\/\/dekodenttrabzon.com\/#\/schema\/logo\/image\/\"}}]}<\/script>\n<!-- \/ Yoast SEO plugin. -->","yoast_head_json":{"title":"Trabzon Peridontology (Gum Treatment) - Dekodent","description":"We are waiting for you at Dekodent dental clinic to get support from specialist physicians in Trabzon periodontology (gingival treatment)!","robots":{"index":"index","follow":"follow","max-snippet":"max-snippet:-1","max-image-preview":"max-image-preview:large","max-video-preview":"max-video-preview:-1"},"canonical":"https:\/\/dekodenttrabzon.com\/en\/services\/peridontology\/","og_locale":"en_US","og_type":"article","og_title":"Trabzon Peridontology (Gum Treatment) - Dekodent","og_description":"We are waiting for you at Dekodent dental clinic to get support from specialist physicians in Trabzon periodontology (gingival treatment)!","og_url":"https:\/\/dekodenttrabzon.com\/en\/services\/peridontology\/","og_site_name":"Dekodent","article_modified_time":"2023-08-22T14:56:57+00:00","og_image":[{"url":"https:\/\/dekodenttrabzon.com\/wp-content\/uploads\/2022\/12\/periodontoloji-1024x683.jpg"}],"twitter_card":"summary_large_image","twitter_misc":{"Est. reading time":"4 minutes"},"schema":{"@context":"https:\/\/schema.org","@graph":[{"@type":"WebPage","@id":"https:\/\/dekodenttrabzon.com\/en\/services\/peridontology\/","url":"https:\/\/dekodenttrabzon.com\/en\/services\/peridontology\/","name":"Trabzon Peridontology (Gum Treatment) - Dekodent","isPartOf":{"@id":"https:\/\/dekodenttrabzon.com\/#website"},"datePublished":"2022-12-22T11:41:01+00:00","dateModified":"2023-08-22T14:56:57+00:00","description":"We are waiting for you at Dekodent dental clinic to get support from specialist physicians in Trabzon periodontology (gingival treatment)!","breadcrumb":{"@id":"https:\/\/dekodenttrabzon.com\/en\/services\/peridontology\/#breadcrumb"},"inLanguage":"en-US","potentialAction":[{"@type":"ReadAction","target":["https:\/\/dekodenttrabzon.com\/en\/services\/peridontology\/"]}]},{"@type":"BreadcrumbList","@id":"https:\/\/dekodenttrabzon.com\/en\/services\/peridontology\/#breadcrumb","itemListElement":[{"@type":"ListItem","position":1,"name":"Home","item":"https:\/\/dekodenttrabzon.com\/en\/"},{"@type":"ListItem","position":2,"name":"Services","item":"https:\/\/dekodenttrabzon.com\/en\/services\/"},{"@type":"ListItem","position":3,"name":"Peridontology"}]},{"@type":"WebSite","@id":"https:\/\/dekodenttrabzon.com\/#website","url":"https:\/\/dekodenttrabzon.com\/","name":"Dekodent","description":"Dekodent Trabzon A\u011f\u0131z ve Di\u015f Sa\u011fl\u0131\u011f\u0131 Merkezi","publisher":{"@id":"https:\/\/dekodenttrabzon.com\/#organization"},"potentialAction":[{"@type":"SearchAction","target":{"@type":"EntryPoint","urlTemplate":"https:\/\/dekodenttrabzon.com\/?s={search_term_string}"},"query-input":"required name=search_term_string"}],"inLanguage":"en-US"},{"@type":"Organization","@id":"https:\/\/dekodenttrabzon.com\/#organization","name":"Dekodent","url":"https:\/\/dekodenttrabzon.com\/","logo":{"@type":"ImageObject","inLanguage":"en-US","@id":"https:\/\/dekodenttrabzon.com\/#\/schema\/logo\/image\/","url":"https:\/\/dekodenttrabzon.com\/wp-content\/uploads\/2022\/08\/cropped-Dekodent-e1661268809677-1.jpeg","contentUrl":"https:\/\/dekodenttrabzon.com\/wp-content\/uploads\/2022\/08\/cropped-Dekodent-e1661268809677-1.jpeg","width":386,"height":195,"caption":"Dekodent"},"image":{"@id":"https:\/\/dekodenttrabzon.com\/#\/schema\/logo\/image\/"}}]}},"_links":{"self":[{"href":"https:\/\/dekodenttrabzon.com\/en\/wp-json\/wp\/v2\/pages\/2135","targetHints":{"allow":["GET"]}}],"collection":[{"href":"https:\/\/dekodenttrabzon.com\/en\/wp-json\/wp\/v2\/pages"}],"about":[{"href":"https:\/\/dekodenttrabzon.com\/en\/wp-json\/wp\/v2\/types\/page"}],"author":[{"embeddable":true,"href":"https:\/\/dekodenttrabzon.com\/en\/wp-json\/wp\/v2\/users\/1"}],"replies":[{"embeddable":true,"href":"https:\/\/dekodenttrabzon.com\/en\/wp-json\/wp\/v2\/comments?post=2135"}],"version-history":[{"count":7,"href":"https:\/\/dekodenttrabzon.com\/en\/wp-json\/wp\/v2\/pages\/2135\/revisions"}],"predecessor-version":[{"id":2227,"href":"https:\/\/dekodenttrabzon.com\/en\/wp-json\/wp\/v2\/pages\/2135\/revisions\/2227"}],"up":[{"embeddable":true,"href":"https:\/\/dekodenttrabzon.com\/en\/wp-json\/wp\/v2\/pages\/2020"}],"wp:attachment":[{"href":"https:\/\/dekodenttrabzon.com\/en\/wp-json\/wp\/v2\/media?parent=2135"}],"curies":[{"name":"wp","href":"https:\/\/api.w.org\/{rel}","templated":true}]}}